{"id":4754,"date":"2024-05-13T16:38:46","date_gmt":"2024-05-13T14:38:46","guid":{"rendered":"https:\/\/bernissartlac.be\/?page_id=4754"},"modified":"2024-05-23T16:27:50","modified_gmt":"2024-05-23T14:27:50","slug":"reservartion","status":"publish","type":"page","link":"https:\/\/bernissartlac.be\/nl\/reservartion\/","title":{"rendered":"Onze locaties"},"content":{"rendered":"<div data-elementor-type=\"wp-page\" data-elementor-id=\"4754\" class=\"elementor elementor-4754\">\n\t\t\t\t\t\t<section class=\"elementor-section elementor-top-section elementor-element elementor-element-32cbb366 elementor-section-boxed elementor-section-height-default elementor-section-height-default\" data-id=\"32cbb366\" data-element_type=\"section\">\n\t\t\t\t\t\t<div class=\"elementor-container elementor-column-gap-default\">\n\t\t\t\t\t<div class=\"elementor-column elementor-col-100 elementor-top-column elementor-element elementor-element-5d40e021\" data-id=\"5d40e021\" data-element_type=\"column\">\n\t\t\t<div class=\"elementor-widget-wrap elementor-element-populated\">\n\t\t\t\t\t\t<section class=\"elementor-section elementor-inner-section elementor-element elementor-element-a67f64a elementor-section-full_width elementor-section-height-default elementor-section-height-default\" data-id=\"a67f64a\" data-element_type=\"section\">\n\t\t\t\t\t\t<div class=\"elementor-container elementor-column-gap-default\">\n\t\t\t\t\t<div class=\"elementor-column elementor-col-50 elementor-inner-column elementor-element elementor-element-3ce928d3\" data-id=\"3ce928d3\" data-element_type=\"column\">\n\t\t\t<div class=\"elementor-widget-wrap elementor-element-populated\">\n\t\t\t\t\t\t<div class=\"elementor-element elementor-element-15d72ee6 elementor-widget elementor-widget-vedhak_elementor_heading\" data-id=\"15d72ee6\" data-element_type=\"widget\" data-widget_type=\"vedhak_elementor_heading.default\">\n\t\t\t\t<div class=\"elementor-widget-container\">\n\t\t\t\t\t\n\t\t\t<div class=\"ova-heading template1\">\n\n\t\t\t\t\n\t\t\t\t\t<h2 class=\"sub-title\">\n\n\t\t\t\t\t\t01\n\t\t\t\t\t\t\t\t\t\t\t\t\t<span class=\"line-decoration\"><\/span>\n\t\t\t\t\t\t\n\t\t\t\t\t\tReservering\n\t\t\t\t\t<\/h2>\n\n\t\t\t\t\n\t\t\t\t\n\t\t\t\t\t\n\t\t\t\t\t\t<h3 class=\"title\"><span class=\"title-bold\">reserveren <\/span><span class=\"title-normal\">jouw locatie\n\t\t\t\t\t\t<\/span><\/h3>\n\n\t\t\t\t\t\n\n\t\t\t\t\t\t\t\t\t\n\t\t\t\t\n\t\t\t\t\n\t\t\t\t\t\n\t\t\t\t\n\t\t\t<\/div>\n\n\t\t\t\t\t\t<\/div>\n\t\t\t\t<\/div>\n\t\t\t\t\t<\/div>\n\t\t<\/div>\n\t\t\t\t<div class=\"elementor-column elementor-col-50 elementor-inner-column elementor-element elementor-element-3b43e4ff\" data-id=\"3b43e4ff\" data-element_type=\"column\">\n\t\t\t<div class=\"elementor-widget-wrap elementor-element-populated\">\n\t\t\t\t\t\t<div class=\"elementor-element elementor-element-57d3e5d2 elementor-widget elementor-widget-text-editor\" data-id=\"57d3e5d2\" data-element_type=\"widget\" data-widget_type=\"text-editor.default\">\n\t\t\t\t<div class=\"elementor-widget-container\">\n\t\t\t\t\t\t\t\t\t<p>Selecteer de datum waarop u uw vissessie wilt boeken en ontdek welke locaties nog beschikbaar zijn.<\/p>\t\t\t\t\t\t\t\t<\/div>\n\t\t\t\t<\/div>\n\t\t\t\t\t<\/div>\n\t\t<\/div>\n\t\t\t\t\t<\/div>\n\t\t<\/section>\n\t\t\t\t<div class=\"elementor-element elementor-element-596ec6b2 elementor-widget elementor-widget-shortcode\" data-id=\"596ec6b2\" data-element_type=\"widget\" data-widget_type=\"shortcode.default\">\n\t\t\t\t<div class=\"elementor-widget-container\">\n\t\t\t\t\t\t\t<div class=\"elementor-shortcode\"><\/div>\n\t\t\t\t\t\t<\/div>\n\t\t\t\t<\/div>\n\t\t\t\t<div class=\"elementor-element elementor-element-66c1fb4c elementor-widget elementor-widget-text-editor\" data-id=\"66c1fb4c\" data-element_type=\"widget\" data-widget_type=\"text-editor.default\">\n\t\t\t\t<div class=\"elementor-widget-container\">\n\t\t\t\t\t\t\t\t\t<p><strong>Voor de 24 uur van het weekend kunt u rechtstreeks contact opnemen met het Meer van Bernissart: <a href=\"tel:3269557024\">+32 69 55 70 24<\/a> of per e-mail op <a href=\"mailto:Bernissartlac@gmail.com\">Bernissartlac@gmail.com<\/a><br \/><br \/>SA La Carpe de Bernissart \u2022 133 Bernissart Lac \u2022 7320 Bernissart \u2022 BTW: BE0480 769 513<br \/><\/strong><\/p>\t\t\t\t\t\t\t\t<\/div>\n\t\t\t\t<\/div>\n\t\t\t\t\t<\/div>\n\t\t<\/div>\n\t\t\t\t\t<\/div>\n\t\t<\/section>\n\t\t\t\t<\/div>","protected":false},"excerpt":{"rendered":"<p>01 R\u00e9servation R\u00e9server votre emplacement S\u00e9lectionnez la date \u00e0 laquelle vous souhaitez r\u00e9server votre session de p\u00eache et d\u00e9couvrez les emplacements encore disponibles. Pour les 24 h du weekend, merci de prendre directement contact avec le Lac de Bernissart : +32 69 55 70 24 ou par mail sur Bernissartlac@gmail.com SA La Carpe de Bernissart\u00a0\u2022 [&hellip;]<\/p>","protected":false},"author":1,"featured_media":0,"parent":0,"menu_order":0,"comment_status":"closed","ping_status":"closed","template":"","meta":{"_acf_changed":false,"footnotes":""},"class_list":["post-4754","page","type-page","status-publish","hentry"],"acf":[],"yoast_head":"<!-- This site is optimized with the Yoast SEO plugin v26.8 - https:\/\/yoast.com\/product\/yoast-seo-wordpress\/ -->\n<title>Nos Emplacements - Lac de Bernissart<\/title>\n<meta name=\"robots\" content=\"index, follow, max-snippet:-1, max-image-preview:large, max-video-preview:-1\" \/>\n<link rel=\"canonical\" href=\"https:\/\/bernissartlac.be\/nl\/reservartion\/\" \/>\n<meta property=\"og:locale\" content=\"nl_BE\" \/>\n<meta property=\"og:type\" content=\"article\" \/>\n<meta property=\"og:title\" content=\"Nos Emplacements - Lac de Bernissart\" \/>\n<meta property=\"og:description\" content=\"01 R\u00e9servation R\u00e9server votre emplacement S\u00e9lectionnez la date \u00e0 laquelle vous souhaitez r\u00e9server votre session de p\u00eache et d\u00e9couvrez les emplacements encore disponibles. Pour les 24 h du weekend, merci de prendre directement contact avec le Lac de Bernissart : +32 69 55 70 24 ou par mail sur Bernissartlac@gmail.com SA La Carpe de Bernissart\u00a0\u2022 [&hellip;]\" \/>\n<meta property=\"og:url\" content=\"https:\/\/bernissartlac.be\/nl\/reservartion\/\" \/>\n<meta property=\"og:site_name\" content=\"Lac de Bernissart\" \/>\n<meta property=\"article:modified_time\" content=\"2024-05-23T14:27:50+00:00\" \/>\n<meta name=\"twitter:card\" content=\"summary_large_image\" \/>\n<meta name=\"twitter:label1\" content=\"Geschatte leestijd\" \/>\n\t<meta name=\"twitter:data1\" content=\"1 minuut\" \/>\n<script type=\"application\/ld+json\" class=\"yoast-schema-graph\">{\"@context\":\"https:\/\/schema.org\",\"@graph\":[{\"@type\":\"WebPage\",\"@id\":\"https:\/\/bernissartlac.be\/reservartion\/\",\"url\":\"https:\/\/bernissartlac.be\/reservartion\/\",\"name\":\"Nos Emplacements - Lac de Bernissart\",\"isPartOf\":{\"@id\":\"https:\/\/bernissartlac.be\/#website\"},\"datePublished\":\"2024-05-13T14:38:46+00:00\",\"dateModified\":\"2024-05-23T14:27:50+00:00\",\"breadcrumb\":{\"@id\":\"https:\/\/bernissartlac.be\/reservartion\/#breadcrumb\"},\"inLanguage\":\"nl-BE\",\"potentialAction\":[{\"@type\":\"ReadAction\",\"target\":[\"https:\/\/bernissartlac.be\/reservartion\/\"]}]},{\"@type\":\"BreadcrumbList\",\"@id\":\"https:\/\/bernissartlac.be\/reservartion\/#breadcrumb\",\"itemListElement\":[{\"@type\":\"ListItem\",\"position\":1,\"name\":\"Accueil\",\"item\":\"https:\/\/bernissartlac.be\/\"},{\"@type\":\"ListItem\",\"position\":2,\"name\":\"Nos Emplacements\"}]},{\"@type\":\"WebSite\",\"@id\":\"https:\/\/bernissartlac.be\/#website\",\"url\":\"https:\/\/bernissartlac.be\/\",\"name\":\"Lac de Bernissart\",\"description\":\"Un lieu sp\u00e9cialement am\u00e9nag\u00e9 pour les amateurs de p\u00eache !\",\"publisher\":{\"@id\":\"https:\/\/bernissartlac.be\/#organization\"},\"potentialAction\":[{\"@type\":\"SearchAction\",\"target\":{\"@type\":\"EntryPoint\",\"urlTemplate\":\"https:\/\/bernissartlac.be\/?s={search_term_string}\"},\"query-input\":{\"@type\":\"PropertyValueSpecification\",\"valueRequired\":true,\"valueName\":\"search_term_string\"}}],\"inLanguage\":\"nl-BE\"},{\"@type\":\"Organization\",\"@id\":\"https:\/\/bernissartlac.be\/#organization\",\"name\":\"Lac de Bernissart\",\"url\":\"https:\/\/bernissartlac.be\/\",\"logo\":{\"@type\":\"ImageObject\",\"inLanguage\":\"nl-BE\",\"@id\":\"https:\/\/bernissartlac.be\/#\/schema\/logo\/image\/\",\"url\":\"https:\/\/bernissartlac.be\/wp-content\/uploads\/2023\/03\/Bernissart-Lac-Logo.png\",\"contentUrl\":\"https:\/\/bernissartlac.be\/wp-content\/uploads\/2023\/03\/Bernissart-Lac-Logo.png\",\"width\":308,\"height\":199,\"caption\":\"Lac de Bernissart\"},\"image\":{\"@id\":\"https:\/\/bernissartlac.be\/#\/schema\/logo\/image\/\"}}]}<\/script>\n<!-- \/ Yoast SEO plugin. -->","yoast_head_json":{"title":"Nos Emplacements - Lac de Bernissart","robots":{"index":"index","follow":"follow","max-snippet":"max-snippet:-1","max-image-preview":"max-image-preview:large","max-video-preview":"max-video-preview:-1"},"canonical":"https:\/\/bernissartlac.be\/nl\/reservartion\/","og_locale":"nl_BE","og_type":"article","og_title":"Nos Emplacements - Lac de Bernissart","og_description":"01 R\u00e9servation R\u00e9server votre emplacement S\u00e9lectionnez la date \u00e0 laquelle vous souhaitez r\u00e9server votre session de p\u00eache et d\u00e9couvrez les emplacements encore disponibles. Pour les 24 h du weekend, merci de prendre directement contact avec le Lac de Bernissart : +32 69 55 70 24 ou par mail sur Bernissartlac@gmail.com SA La Carpe de Bernissart\u00a0\u2022 [&hellip;]","og_url":"https:\/\/bernissartlac.be\/nl\/reservartion\/","og_site_name":"Lac de Bernissart","article_modified_time":"2024-05-23T14:27:50+00:00","twitter_card":"summary_large_image","twitter_misc":{"Geschatte leestijd":"1 minuut"},"schema":{"@context":"https:\/\/schema.org","@graph":[{"@type":"WebPage","@id":"https:\/\/bernissartlac.be\/reservartion\/","url":"https:\/\/bernissartlac.be\/reservartion\/","name":"Nos Emplacements - Lac de Bernissart","isPartOf":{"@id":"https:\/\/bernissartlac.be\/#website"},"datePublished":"2024-05-13T14:38:46+00:00","dateModified":"2024-05-23T14:27:50+00:00","breadcrumb":{"@id":"https:\/\/bernissartlac.be\/reservartion\/#breadcrumb"},"inLanguage":"nl-BE","potentialAction":[{"@type":"ReadAction","target":["https:\/\/bernissartlac.be\/reservartion\/"]}]},{"@type":"BreadcrumbList","@id":"https:\/\/bernissartlac.be\/reservartion\/#breadcrumb","itemListElement":[{"@type":"ListItem","position":1,"name":"Accueil","item":"https:\/\/bernissartlac.be\/"},{"@type":"ListItem","position":2,"name":"Nos Emplacements"}]},{"@type":"WebSite","@id":"https:\/\/bernissartlac.be\/#website","url":"https:\/\/bernissartlac.be\/","name":"Het Bernissartmeer","description":"Een plek speciaal ontworpen voor sportvissers!","publisher":{"@id":"https:\/\/bernissartlac.be\/#organization"},"potentialAction":[{"@type":"SearchAction","target":{"@type":"EntryPoint","urlTemplate":"https:\/\/bernissartlac.be\/?s={search_term_string}"},"query-input":{"@type":"PropertyValueSpecification","valueRequired":true,"valueName":"search_term_string"}}],"inLanguage":"nl-BE"},{"@type":"Organization","@id":"https:\/\/bernissartlac.be\/#organization","name":"Het Bernissartmeer","url":"https:\/\/bernissartlac.be\/","logo":{"@type":"ImageObject","inLanguage":"nl-BE","@id":"https:\/\/bernissartlac.be\/#\/schema\/logo\/image\/","url":"https:\/\/bernissartlac.be\/wp-content\/uploads\/2023\/03\/Bernissart-Lac-Logo.png","contentUrl":"https:\/\/bernissartlac.be\/wp-content\/uploads\/2023\/03\/Bernissart-Lac-Logo.png","width":308,"height":199,"caption":"Lac de Bernissart"},"image":{"@id":"https:\/\/bernissartlac.be\/#\/schema\/logo\/image\/"}}]}},"_links":{"self":[{"href":"https:\/\/bernissartlac.be\/nl\/wp-json\/wp\/v2\/pages\/4754","targetHints":{"allow":["GET"]}}],"collection":[{"href":"https:\/\/bernissartlac.be\/nl\/wp-json\/wp\/v2\/pages"}],"about":[{"href":"https:\/\/bernissartlac.be\/nl\/wp-json\/wp\/v2\/types\/page"}],"author":[{"embeddable":true,"href":"https:\/\/bernissartlac.be\/nl\/wp-json\/wp\/v2\/users\/1"}],"replies":[{"embeddable":true,"href":"https:\/\/bernissartlac.be\/nl\/wp-json\/wp\/v2\/comments?post=4754"}],"version-history":[{"count":23,"href":"https:\/\/bernissartlac.be\/nl\/wp-json\/wp\/v2\/pages\/4754\/revisions"}],"predecessor-version":[{"id":4846,"href":"https:\/\/bernissartlac.be\/nl\/wp-json\/wp\/v2\/pages\/4754\/revisions\/4846"}],"wp:attachment":[{"href":"https:\/\/bernissartlac.be\/nl\/wp-json\/wp\/v2\/media?parent=4754"}],"curies":[{"name":"wp","href":"https:\/\/api.w.org\/{rel}","templated":true}]}}