{"id":4713,"date":"2024-02-29T15:09:37","date_gmt":"2024-02-29T14:09:37","guid":{"rendered":"https:\/\/bernissartlac.be\/?page_id=4713"},"modified":"2024-02-29T15:09:37","modified_gmt":"2024-02-29T14:09:37","slug":"booking","status":"publish","type":"page","link":"https:\/\/bernissartlac.be\/nl\/booking\/","title":{"rendered":"Boeking"},"content":{"rendered":"<div data-elementor-type=\"wp-page\" data-elementor-id=\"4713\" class=\"elementor elementor-4713\">\n\t\t\t\t\t\t<section class=\"elementor-section elementor-top-section elementor-element elementor-element-36375fde elementor-section-boxed elementor-section-height-default elementor-section-height-default\" data-id=\"36375fde\" data-element_type=\"section\">\n\t\t\t\t\t\t<div class=\"elementor-container elementor-column-gap-default\">\n\t\t\t\t\t<div class=\"elementor-column elementor-col-100 elementor-top-column elementor-element elementor-element-1a1f5d25\" data-id=\"1a1f5d25\" data-element_type=\"column\">\n\t\t\t<div class=\"elementor-widget-wrap elementor-element-populated\">\n\t\t\t\t\t\t<section class=\"elementor-section elementor-inner-section elementor-element elementor-element-65f726ab elementor-section-full_width elementor-section-height-default elementor-section-height-default\" data-id=\"65f726ab\" data-element_type=\"section\">\n\t\t\t\t\t\t<div class=\"elementor-container elementor-column-gap-default\">\n\t\t\t\t\t<div class=\"elementor-column elementor-col-50 elementor-inner-column elementor-element elementor-element-2aa02b7b\" data-id=\"2aa02b7b\" data-element_type=\"column\">\n\t\t\t<div class=\"elementor-widget-wrap elementor-element-populated\">\n\t\t\t\t\t\t<div class=\"elementor-element elementor-element-567aa883 elementor-widget elementor-widget-vedhak_elementor_heading\" data-id=\"567aa883\" data-element_type=\"widget\" data-widget_type=\"vedhak_elementor_heading.default\">\n\t\t\t\t<div class=\"elementor-widget-container\">\n\t\t\t\t\t\n\t\t\t<div class=\"ova-heading template1\">\n\n\t\t\t\t\n\t\t\t\t\t<h2 class=\"sub-title\">\n\n\t\t\t\t\t\t01\n\t\t\t\t\t\t\t\t\t\t\t\t\t<span class=\"line-decoration\"><\/span>\n\t\t\t\t\t\t\n\t\t\t\t\t\tReservering\n\t\t\t\t\t<\/h2>\n\n\t\t\t\t\n\t\t\t\t\n\t\t\t\t\t\n\t\t\t\t\t\t<h3 class=\"title\"><span class=\"title-bold\">reserveren <\/span><span class=\"title-normal\">jouw locatie\n\t\t\t\t\t\t<\/span><\/h3>\n\n\t\t\t\t\t\n\n\t\t\t\t\t\t\t\t\t\n\t\t\t\t\n\t\t\t\t\n\t\t\t\t\t\n\t\t\t\t\n\t\t\t<\/div>\n\n\t\t\t\t\t\t<\/div>\n\t\t\t\t<\/div>\n\t\t\t\t\t<\/div>\n\t\t<\/div>\n\t\t\t\t<div class=\"elementor-column elementor-col-50 elementor-inner-column elementor-element elementor-element-2688b9a4\" data-id=\"2688b9a4\" data-element_type=\"column\">\n\t\t\t<div class=\"elementor-widget-wrap elementor-element-populated\">\n\t\t\t\t\t\t<div class=\"elementor-element elementor-element-1057a2c9 elementor-widget elementor-widget-text-editor\" data-id=\"1057a2c9\" data-element_type=\"widget\" data-widget_type=\"text-editor.default\">\n\t\t\t\t<div class=\"elementor-widget-container\">\n\t\t\t\t\t\t\t\t\t<p>Selecteer de datum waarop u uw vissessie wilt boeken en ontdek welke locaties nog beschikbaar zijn.<\/p>\t\t\t\t\t\t\t\t<\/div>\n\t\t\t\t<\/div>\n\t\t\t\t\t<\/div>\n\t\t<\/div>\n\t\t\t\t\t<\/div>\n\t\t<\/section>\n\t\t\t\t<div class=\"elementor-element elementor-element-1365bed elementor-widget elementor-widget-shortcode\" data-id=\"1365bed\" data-element_type=\"widget\" data-widget_type=\"shortcode.default\">\n\t\t\t\t<div class=\"elementor-widget-container\">\n\t\t\t\t\t\t\t<div class=\"elementor-shortcode\">[vikbooking categorie_id=&quot;&quot; view=&quot;vikbooking&quot; lang=&quot;fr-FR&quot;]<\/div>\n\t\t\t\t\t\t<\/div>\n\t\t\t\t<\/div>\n\t\t\t\t<div class=\"elementor-element elementor-element-5dc7f72 elementor-widget elementor-widget-text-editor\" data-id=\"5dc7f72\" data-element_type=\"widget\" data-widget_type=\"text-editor.default\">\n\t\t\t\t<div class=\"elementor-widget-container\">\n\t\t\t\t\t\t\t\t\t<p><strong>Voor de 24 uur van het weekend kunt u rechtstreeks contact opnemen met het Meer van Bernissart: <a href=\"tel:3269557024\">+32 69 55 70 24<\/a> of per e-mail op <a href=\"mailto:Bernissartlac@gmail.com\">Bernissartlac@gmail.com<\/a><\/strong><\/p>\t\t\t\t\t\t\t\t<\/div>\n\t\t\t\t<\/div>\n\t\t\t\t\t<\/div>\n\t\t<\/div>\n\t\t\t\t\t<\/div>\n\t\t<\/section>\n\t\t\t\t<\/div>","protected":false},"excerpt":{"rendered":"<p>01 R\u00e9servation R\u00e9server votre emplacement S\u00e9lectionnez la date \u00e0 laquelle vous souhaitez r\u00e9server votre session de p\u00eache et d\u00e9couvrez les emplacements encore disponibles. [vikbooking category_id=&#8221;&#8221; view=&#8221;vikbooking&#8221; lang=&#8221;fr-FR&#8221;] Pour les 24 h du weekend, merci de prendre directement contact avec le Lac de Bernissart : +32 69 55 70 24 ou par mail sur Bernissartlac@gmail.com<\/p>","protected":false},"author":1,"featured_media":0,"parent":0,"menu_order":0,"comment_status":"closed","ping_status":"closed","template":"","meta":{"_acf_changed":false,"footnotes":""},"class_list":["post-4713","page","type-page","status-publish","hentry"],"acf":[],"yoast_head":"<!-- This site is optimized with the Yoast SEO plugin v26.8 - https:\/\/yoast.com\/product\/yoast-seo-wordpress\/ -->\n<title>Booking - Lac de Bernissart<\/title>\n<meta name=\"robots\" content=\"index, follow, max-snippet:-1, max-image-preview:large, max-video-preview:-1\" \/>\n<link rel=\"canonical\" href=\"https:\/\/bernissartlac.be\/nl\/booking\/\" \/>\n<meta property=\"og:locale\" content=\"nl_BE\" \/>\n<meta property=\"og:type\" content=\"article\" \/>\n<meta property=\"og:title\" content=\"Booking - Lac de Bernissart\" \/>\n<meta property=\"og:description\" content=\"01 R\u00e9servation R\u00e9server votre emplacement S\u00e9lectionnez la date \u00e0 laquelle vous souhaitez r\u00e9server votre session de p\u00eache et d\u00e9couvrez les emplacements encore disponibles. [vikbooking category_id=&#8221;&#8221; view=&#8221;vikbooking&#8221; lang=&#8221;fr-FR&#8221;] Pour les 24 h du weekend, merci de prendre directement contact avec le Lac de Bernissart : +32 69 55 70 24 ou par mail sur Bernissartlac@gmail.com\" \/>\n<meta property=\"og:url\" content=\"https:\/\/bernissartlac.be\/nl\/booking\/\" \/>\n<meta property=\"og:site_name\" content=\"Lac de Bernissart\" \/>\n<meta name=\"twitter:card\" content=\"summary_large_image\" \/>\n<meta name=\"twitter:label1\" content=\"Geschatte leestijd\" \/>\n\t<meta name=\"twitter:data1\" content=\"1 minuut\" \/>\n<script type=\"application\/ld+json\" class=\"yoast-schema-graph\">{\"@context\":\"https:\/\/schema.org\",\"@graph\":[{\"@type\":\"WebPage\",\"@id\":\"https:\/\/bernissartlac.be\/booking\/\",\"url\":\"https:\/\/bernissartlac.be\/booking\/\",\"name\":\"Booking - Lac de Bernissart\",\"isPartOf\":{\"@id\":\"https:\/\/bernissartlac.be\/#website\"},\"datePublished\":\"2024-02-29T14:09:37+00:00\",\"breadcrumb\":{\"@id\":\"https:\/\/bernissartlac.be\/booking\/#breadcrumb\"},\"inLanguage\":\"nl-BE\",\"potentialAction\":[{\"@type\":\"ReadAction\",\"target\":[\"https:\/\/bernissartlac.be\/booking\/\"]}]},{\"@type\":\"BreadcrumbList\",\"@id\":\"https:\/\/bernissartlac.be\/booking\/#breadcrumb\",\"itemListElement\":[{\"@type\":\"ListItem\",\"position\":1,\"name\":\"Accueil\",\"item\":\"https:\/\/bernissartlac.be\/\"},{\"@type\":\"ListItem\",\"position\":2,\"name\":\"Booking\"}]},{\"@type\":\"WebSite\",\"@id\":\"https:\/\/bernissartlac.be\/#website\",\"url\":\"https:\/\/bernissartlac.be\/\",\"name\":\"Lac de Bernissart\",\"description\":\"Un lieu sp\u00e9cialement am\u00e9nag\u00e9 pour les amateurs de p\u00eache !\",\"publisher\":{\"@id\":\"https:\/\/bernissartlac.be\/#organization\"},\"potentialAction\":[{\"@type\":\"SearchAction\",\"target\":{\"@type\":\"EntryPoint\",\"urlTemplate\":\"https:\/\/bernissartlac.be\/?s={search_term_string}\"},\"query-input\":{\"@type\":\"PropertyValueSpecification\",\"valueRequired\":true,\"valueName\":\"search_term_string\"}}],\"inLanguage\":\"nl-BE\"},{\"@type\":\"Organization\",\"@id\":\"https:\/\/bernissartlac.be\/#organization\",\"name\":\"Lac de Bernissart\",\"url\":\"https:\/\/bernissartlac.be\/\",\"logo\":{\"@type\":\"ImageObject\",\"inLanguage\":\"nl-BE\",\"@id\":\"https:\/\/bernissartlac.be\/#\/schema\/logo\/image\/\",\"url\":\"https:\/\/bernissartlac.be\/wp-content\/uploads\/2023\/03\/Bernissart-Lac-Logo.png\",\"contentUrl\":\"https:\/\/bernissartlac.be\/wp-content\/uploads\/2023\/03\/Bernissart-Lac-Logo.png\",\"width\":308,\"height\":199,\"caption\":\"Lac de Bernissart\"},\"image\":{\"@id\":\"https:\/\/bernissartlac.be\/#\/schema\/logo\/image\/\"}}]}<\/script>\n<!-- \/ Yoast SEO plugin. -->","yoast_head_json":{"title":"Booking - Lac de Bernissart","robots":{"index":"index","follow":"follow","max-snippet":"max-snippet:-1","max-image-preview":"max-image-preview:large","max-video-preview":"max-video-preview:-1"},"canonical":"https:\/\/bernissartlac.be\/nl\/booking\/","og_locale":"nl_BE","og_type":"article","og_title":"Booking - Lac de Bernissart","og_description":"01 R\u00e9servation R\u00e9server votre emplacement S\u00e9lectionnez la date \u00e0 laquelle vous souhaitez r\u00e9server votre session de p\u00eache et d\u00e9couvrez les emplacements encore disponibles. [vikbooking category_id=&#8221;&#8221; view=&#8221;vikbooking&#8221; lang=&#8221;fr-FR&#8221;] Pour les 24 h du weekend, merci de prendre directement contact avec le Lac de Bernissart : +32 69 55 70 24 ou par mail sur Bernissartlac@gmail.com","og_url":"https:\/\/bernissartlac.be\/nl\/booking\/","og_site_name":"Lac de Bernissart","twitter_card":"summary_large_image","twitter_misc":{"Geschatte leestijd":"1 minuut"},"schema":{"@context":"https:\/\/schema.org","@graph":[{"@type":"WebPage","@id":"https:\/\/bernissartlac.be\/booking\/","url":"https:\/\/bernissartlac.be\/booking\/","name":"Booking - Lac de Bernissart","isPartOf":{"@id":"https:\/\/bernissartlac.be\/#website"},"datePublished":"2024-02-29T14:09:37+00:00","breadcrumb":{"@id":"https:\/\/bernissartlac.be\/booking\/#breadcrumb"},"inLanguage":"nl-BE","potentialAction":[{"@type":"ReadAction","target":["https:\/\/bernissartlac.be\/booking\/"]}]},{"@type":"BreadcrumbList","@id":"https:\/\/bernissartlac.be\/booking\/#breadcrumb","itemListElement":[{"@type":"ListItem","position":1,"name":"Accueil","item":"https:\/\/bernissartlac.be\/"},{"@type":"ListItem","position":2,"name":"Booking"}]},{"@type":"WebSite","@id":"https:\/\/bernissartlac.be\/#website","url":"https:\/\/bernissartlac.be\/","name":"Het Bernissartmeer","description":"Een plek speciaal ontworpen voor sportvissers!","publisher":{"@id":"https:\/\/bernissartlac.be\/#organization"},"potentialAction":[{"@type":"SearchAction","target":{"@type":"EntryPoint","urlTemplate":"https:\/\/bernissartlac.be\/?s={search_term_string}"},"query-input":{"@type":"PropertyValueSpecification","valueRequired":true,"valueName":"search_term_string"}}],"inLanguage":"nl-BE"},{"@type":"Organization","@id":"https:\/\/bernissartlac.be\/#organization","name":"Het Bernissartmeer","url":"https:\/\/bernissartlac.be\/","logo":{"@type":"ImageObject","inLanguage":"nl-BE","@id":"https:\/\/bernissartlac.be\/#\/schema\/logo\/image\/","url":"https:\/\/bernissartlac.be\/wp-content\/uploads\/2023\/03\/Bernissart-Lac-Logo.png","contentUrl":"https:\/\/bernissartlac.be\/wp-content\/uploads\/2023\/03\/Bernissart-Lac-Logo.png","width":308,"height":199,"caption":"Lac de Bernissart"},"image":{"@id":"https:\/\/bernissartlac.be\/#\/schema\/logo\/image\/"}}]}},"_links":{"self":[{"href":"https:\/\/bernissartlac.be\/nl\/wp-json\/wp\/v2\/pages\/4713","targetHints":{"allow":["GET"]}}],"collection":[{"href":"https:\/\/bernissartlac.be\/nl\/wp-json\/wp\/v2\/pages"}],"about":[{"href":"https:\/\/bernissartlac.be\/nl\/wp-json\/wp\/v2\/types\/page"}],"author":[{"embeddable":true,"href":"https:\/\/bernissartlac.be\/nl\/wp-json\/wp\/v2\/users\/1"}],"replies":[{"embeddable":true,"href":"https:\/\/bernissartlac.be\/nl\/wp-json\/wp\/v2\/comments?post=4713"}],"version-history":[{"count":1,"href":"https:\/\/bernissartlac.be\/nl\/wp-json\/wp\/v2\/pages\/4713\/revisions"}],"predecessor-version":[{"id":4714,"href":"https:\/\/bernissartlac.be\/nl\/wp-json\/wp\/v2\/pages\/4713\/revisions\/4714"}],"wp:attachment":[{"href":"https:\/\/bernissartlac.be\/nl\/wp-json\/wp\/v2\/media?parent=4713"}],"curies":[{"name":"wp","href":"https:\/\/api.w.org\/{rel}","templated":true}]}}