{"id":4578,"date":"2023-12-18T23:48:13","date_gmt":"2023-12-18T22:48:13","guid":{"rendered":"https:\/\/bernissartlac.be\/?page_id=4578"},"modified":"2024-02-21T16:14:50","modified_gmt":"2024-02-21T15:14:50","slug":"cgv","status":"publish","type":"page","link":"https:\/\/bernissartlac.be\/nl\/cgv\/","title":{"rendered":"algemene voorwaarden"},"content":{"rendered":"<style>\/*! elementor - v3.18.0 - 08-12-2023 *\/<br \/>\n.elementor-heading-title{padding:0;margin:0;line-height:1}.elementor-widget-heading .elementor-heading-title[class*=elementor-size-]>a{color:inherit;font-size:inherit;line-height:inherit}.elementor-widget-heading .elementor-heading-title.elementor-size-small{font-size:15px}.elementor-widget-heading .elementor-heading-title.elementor-size-medium{font-size:19px}.elementor-widget-heading .elementor-heading-title.elementor-size-large{font-size:29px}.elementor-widget-heading .elementor-heading-title.elementor-size-xl{font-size:39px}.elementor-widget-heading .elementor-heading-title.elementor-size-xxl{font-size:59px}<\/style>\n<h2>Voorwaarden<\/h2>\n<h2><\/h2>\n<p>Welkom op onze website ! Lees de algemene verkoopvoorwaarden aandachtig door voordat u een bestelling plaatst.<\/p>\n<p>SA La Carpe de Bernissart is ingeschreven in het handelsregister onder nummer BE0480.769.513.<br \/>\nZijn postadres is 133 Bernissart lac, 7320 Bernissart, Belgi\u00eb en zijn e-mailadres is bernissartlac@gmail.com<\/p>\n<p>Het doel van deze algemene verkoopvoorwaarden is het defini\u00ebren van de rechten en plichten van de partijen in het kader van de online verkoop van goederen die door SA la carpe de Bernissart en BELGIUM TRACKERS BAITS aan de consument worden aangeboden.<\/p>\n<h4>1. Bestellingen<\/h4>\n<p>Elke bestelling voor een product dat in de online winkel van de site verschijnt <a href=\"https:\/\/bernissartlac.be\/nl\/\">www.bernissartlac.be<\/a> Of <u><a href=\"http:\/\/www.belgiumtrackersbaits.be\">www.belgiumtrackersbaits.be<\/a> <\/u>\u00a0veronderstelt raadpleging en voorafgaande aanvaarding van deze algemene verkoopvoorwaarden.<\/p>\n<p>Als u klikt om de bestelling te valideren, impliceert dit de volledige aanvaarding van deze voorwaarden.<br \/>\nDeze klik heeft de waarde van een \u201cdigitale handtekening\u201d<\/p>\n<p>De contractuele informatie wordt per e-mail bevestigd op het adres dat de consument op het bestelformulier heeft aangegeven.<\/p>\n<h4>2. Prijs en betaling<\/h4>\n<p>Alle prijzen worden inclusief BTW weergegeven en alleen betaling zal uw bestelling valideren. Om de reservering van uw vislocatie te valideren, moet het volledige bedrag van de te verzenden artikelen worden betaald en moet 50 %, niet-restitueerbaar, van de prijs worden betaald.<\/p>\n<h4>3. Bewijs van de transactie<\/h4>\n<p>De geautomatiseerde registers, die onder redelijke veiligheidsomstandigheden worden bewaard in de computersystemen van de vennootschap SA la carpe de Bernissart, worden beschouwd als bewijs van communicatie over bestellingen en betalingen tussen de partijen. De archivering van inkooporders en facturen gebeurt op een betrouwbare en duurzame drager die als bewijs kan worden voorgelegd.<\/p>\n<h4>4. Leveringswijze<\/h4>\n<p><u>\u200b<\/u>De producten worden geleverd op het adres dat de consument op het bestelformulier heeft aangegeven en alleen in de geografische gebieden die wij bedienen. Alle producten verlaten ons pand in perfecte staat.<br \/>\nDe klant moet de vervoerder (of de postbode) op de hoogte stellen van het geringste spoor van impact (gaten, kreukels, enz.) op het pakket, en indien nodig het pakket weigeren.<\/p>\n<p>U krijgt dan kosteloos een nieuw, identiek product retour.<\/p>\n<p>Het omruilen van een product dat achteraf beschadigd is verklaard tijdens het transport, zonder dat er enig voorbehoud is gemaakt bij ontvangst van het pakket, kan niet worden gedekt. Zoals bij elke verzending is het mogelijk dat er vertraging optreedt of dat het product verloren gaat.<\/p>\n<p>In een dergelijk geval geven wij opdracht aan de vervoerder om een onderzoek te starten.<br \/>\nEr wordt alles aan gedaan, zolang als nodig is, om dit pakket te vinden. Indien nodig wordt de handelaar vergoed door de vervoerder en zal hij op eigen kosten een nieuw, identiek pakket afleveren.<\/p>\n<p>Wij wijzen alle verantwoordelijkheid af voor de verlenging van de levertijden veroorzaakt door de vervoerder, met name in geval van verlies van producten, slecht weer of stakingen.<\/p>\n<h4>\u00a04.1 Leveringsprobleem veroorzaakt door de vervoerder<\/h4>\n<p>Elke anomalie met betrekking tot de levering (schade, ontbrekend product in vergelijking met de leveringsbon, beschadigde verpakking, kapotte producten, enz.) moet op de leveringsbon worden vermeld in de vorm van een &#039;&#039;handgeschreven reservering&#039;&#039;, vergezeld van de handtekening van de klant.<\/p>\n<p>De consument moet deze anomalie tegelijkertijd bevestigen door binnen de twee werkdagen na de leveringsdatum een aangetekende brief met ontvangstbevestiging naar de vervoerder te sturen waarin de genoemde klachten worden uiteengezet.<\/p>\n<p>De consument moet een kopie van deze brief sturen naar SA la carpe de Bernissart 133 Bernissart lac, 7320 Bernissart, Belgi\u00eb.<\/p>\n<p>Zonder dit feit gaan we niet over tot enige transactie.<\/p>\n<h4>4.2 Leveringsfouten<\/h4>\n<p>De consument moet bij SA la carpe de Bernissart, op dezelfde dag van levering of uiterlijk de eerste werkdag na levering, elke claim indienen wegens leveringsfout en\/of non-conformiteit van de producten in natura of in kwaliteit in vergelijking met de indicaties die op het bestelformulier verschijnen.<\/p>\n<p>Na deze termijn wordt elke klacht afgewezen.<\/p>\n<p>De formulering van deze klacht bij SA carpe de Bernissart kan worden gericht aan SA carpe de Bernissart, 133 Bernissart lac, 7320 Bernissart Belgi\u00eb.<\/p>\n<p>Elke klacht die niet overeenkomstig de hierboven gedefinieerde regels en binnen de termijnen wordt ingediend, kan niet in aanmerking worden genomen en ontslaat La Carpe de Bernissart van elke aansprakelijkheid jegens de consument.<\/p>\n<p>In geval van een leverings- of omwisselingsfout moet elk product dat moet worden geruild of terugbetaald, in zijn geheel en in de originele verpakking in onberispelijke staat worden teruggestuurd naar SA la Carpe de Bernissart, 133 Bernissart lac, 7320 Bernissart , Belgi\u00eb.<\/p>\n<p>Om geaccepteerd te worden, moet elke retourzending gemeld worden en de voorafgaande toestemming hebben van SA la carpe de Bernissart, die in geval van overeenstemming het pakket opnieuw naar het juiste adres zal verzenden.<\/p>\n<h4>5 Herroepingsrecht<\/h4>\n<p>Bij reserveringen voor vislocaties is geen herroepingsrecht mogelijk.<\/p>\n<p>Het herroepingsrecht geldt alleen voor verzonden bestellingen en voor particulieren. In overeenstemming met de artikelen L. 120-20 beschikt de consument over een termijn van zeven (7) kalenderdagen om, op eigen kosten, producten die niet bij hem passen, terug te sturen. Deze termijn loopt vanaf de dag van ontvangst van de bestelling van de consument.<\/p>\n<p>Eventuele retourzendingen kunnen vooraf worden gemeld aan de klantenservice van SA la carpe de Bernissart.<br \/>\nHet product moet worden teruggestuurd naar SA la carpe de Bernissart, 133 Bernissart lac, 7320 Bernissart, Belgi\u00eb.<\/p>\n<p>De producten mogen niet ontzegeld zijn, zodat de consument kan profiteren van het herroepingsrecht.<br \/>\nAlleen producten die in hun geheel, in de originele verpakking, compleet en intact en in perfecte staat voor wederverkoop worden geretourneerd, worden teruggenomen.<\/p>\n<p>Elk product dat beschadigd is of waarvan de originele verpakking beschadigd is, wordt niet terugbetaald, geretourneerd of geruild.<\/p>\n<p>Dit herroepingsrecht wordt uitgeoefend zonder boete, met uitzondering van de verzend- en retourkosten.<\/p>\n<p>In geval van uitoefening van het herroepingsrecht heeft de consument de keuze tussen terugbetaling van de betaalde bedragen of omruiling van het product. In geval van omruilen is de terugzending voor rekening van de consument.<\/p>\n<p>In geval van uitoefening van het herroepingsrecht zal SA la carpe de Bernissart alles in het werk stellen om de consument binnen dertig dagen terug te betalen.<\/p>\n<h4>\u00a06 Gebruiksrechten<\/h4>\n<p>Het gebruik van de op de site aanwezige merken is ten strengste verboden.<\/p>\n<h4>\u00a07 Overmacht<\/h4>\n<p>Geen van beide partijen zal tekortgeschoten zijn in de nakoming van zijn contractuele verplichtingen, voor zover de uitvoering ervan wordt vertraagd, belemmerd of verhinderd door een toevallige gebeurtenis van overmacht.<\/p>\n<p>Elk onweerstaanbaar feit of omstandigheid, extern aan de partijen, onvoorzienbaar, onvermijdelijk, onafhankelijk van de wil van de partijen en die ondanks alle redelijkerwijs mogelijke inspanningen niet door laatstgenoemden kan worden voorkomen, zal worden beschouwd als een geval van overmacht.<\/p>\n<p>De partij die door dergelijke omstandigheden wordt getroffen, zal de andere partij binnen tien werkdagen nadat zij er kennis van heeft gekregen, hiervan op de hoogte stellen.<\/p>\n<p>Tenzij dit vanwege overmacht onmogelijk is, komen beide partijen vervolgens binnen drie maanden bij elkaar om de impact van de gebeurtenis te onderzoeken en overeenstemming te bereiken over de voorwaarden waaronder de uitvoering van de overeenkomst zal worden voortgezet.<\/p>\n<p>Indien de overmacht langer dan \u00e9\u00e9n maand duurt, kunnen deze algemene voorwaarden door de benadeelde partij worden opgezegd.<\/p>\n<p>Als gevallen van overmacht of toevallige gebeurtenissen worden uitdrukkelijk beschouwd, naast de gevallen die doorgaans in de jurisprudentie van de Belgische hoven en rechtbanken worden vermeld: het blokkeren van transportmiddelen, aardbevingen, branden, stormen, overstromingen, blikseminslag, de sluiting van telecommunicatienetwerken of problemen die specifiek zijn voor telecommunicatienetwerken buiten de klanten.<\/p>\n<h4>8 Gedeeltelijke niet-validatie<\/h4>\n<p>Indien \u00e9\u00e9n of meerdere bepalingen van deze algemene voorwaarden nietig verklaard zouden worden bij toepassing van een wet, een verordening of naar aanleiding van een definitieve uitspraak van een bevoegde rechtbank, behouden de overige bepalingen al hun kracht en hun reikwijdte.<\/p>\n<h4>\u00a09 Geen afstand doen<\/h4>\n<p>Het feit dat een van de partijen geen voordeel haalt uit een schending door de andere partij van \u00e9\u00e9n van de verplichtingen genoemd in het kader van deze algemene verkoopvoorwaarden, kan voor de toekomst niet worden ge\u00efnterpreteerd als een aanspraak op de betreffende verplichting.<\/p>\n<h4>10 Toepasselijk recht<\/h4>\n<p>Deze algemene voorwaarden zijn onderworpen aan het Belgisch recht. Dit geldt zowel voor materi\u00eble regels als voor formele regels.<\/p>\n<p>In geval van betwisting of klacht zal de consument eerst contact opnemen met SA la carpe de Bernissart om een minnelijke oplossing te bekomen.<\/p>\n<h4>11 Bescherming van persoonsgegevens<\/h4>\n<p>Alle gegevens die u ons toevertrouwt, zijn bedoeld om uw bestellingen te kunnen verwerken. Op grond van de wet nr. 78-17 van 6 januari 1978 met betrekking tot gegevensverwerking, bestanden en vrijheden beschikt u over een recht op rectificatie, raadpleging, wijziging en verwijdering van de gegevens die u aan ons heeft doorgegeven.<\/p>\n<p>Dit recht kan ook online worden uitgeoefend.<\/p>\n<h4>12 geschillen<\/h4>\n<p>Elke bestelling geplaatst via tussenpersoon op www.bernissartlac.be of www.belgiumtrackersbaits.com impliceert de aanvaarding door de klant, zonder enige beperking, van de algemene verkoopvoorwaarden van SA la carpe de Bernissart en BELGIUM TRACKERS BAITS.<br \/>\nIn geval van verkoop aan een rechtspersoon zal elk geschil met betrekking tot de verkoop (prijs, algemene voorwaarden, producten, enz.) onderworpen zijn aan het Belgisch recht voor de Rechtbank van Koophandel van de maatschappelijke zetel van BELGIUM TRACKERS BAITS.<\/p>\n<h4>13. Contactpersoon<\/h4>\n<p>Voor vragen of opmerkingen over onze verkoopvoorwaarden kunt u contact met ons opnemen op het volgende adres: bernissartlac@gmail.com<\/p>\n<p>Bedankt voor het vertrouwen in onze service!<\/p>","protected":false},"excerpt":{"rendered":"<p>Conditions g\u00e9n\u00e9rales de ventes Bienvenue sur notre site ! Veuillez lire attentivement les conditions g\u00e9n\u00e9rales de vente avant de passer une commande. la SA La Carpe de Bernissart est inscrite au registre du commerce sous le num\u00e9ro BE0480.769.513. Son adresse postale est 133 Bernissart lac, 7320 Bernissart , Belgique et son adresse de courrier \u00e9lectronique [&hellip;]<\/p>","protected":false},"author":1,"featured_media":0,"parent":0,"menu_order":0,"comment_status":"closed","ping_status":"closed","template":"elementor_theme","meta":{"_acf_changed":false,"footnotes":""},"class_list":["post-4578","page","type-page","status-publish","hentry"],"acf":[],"yoast_head":"<!-- This site is optimized with the Yoast SEO plugin v26.8 - https:\/\/yoast.com\/product\/yoast-seo-wordpress\/ -->\n<title>CGV - Lac de Bernissart<\/title>\n<meta name=\"robots\" content=\"index, follow, max-snippet:-1, max-image-preview:large, max-video-preview:-1\" \/>\n<link rel=\"canonical\" href=\"https:\/\/bernissartlac.be\/nl\/cgv\/\" \/>\n<meta property=\"og:locale\" content=\"nl_BE\" \/>\n<meta property=\"og:type\" content=\"article\" \/>\n<meta property=\"og:title\" content=\"CGV - Lac de Bernissart\" \/>\n<meta property=\"og:description\" content=\"Conditions g\u00e9n\u00e9rales de ventes Bienvenue sur notre site ! Veuillez lire attentivement les conditions g\u00e9n\u00e9rales de vente avant de passer une commande. la SA La Carpe de Bernissart est inscrite au registre du commerce sous le num\u00e9ro BE0480.769.513. Son adresse postale est 133 Bernissart lac, 7320 Bernissart , Belgique et son adresse de courrier \u00e9lectronique [&hellip;]\" \/>\n<meta property=\"og:url\" content=\"https:\/\/bernissartlac.be\/nl\/cgv\/\" \/>\n<meta property=\"og:site_name\" content=\"Lac de Bernissart\" \/>\n<meta property=\"article:modified_time\" content=\"2024-02-21T15:14:50+00:00\" \/>\n<meta name=\"twitter:card\" content=\"summary_large_image\" \/>\n<meta name=\"twitter:label1\" content=\"Geschatte leestijd\" \/>\n\t<meta name=\"twitter:data1\" content=\"9 minuten\" \/>\n<script type=\"application\/ld+json\" class=\"yoast-schema-graph\">{\"@context\":\"https:\/\/schema.org\",\"@graph\":[{\"@type\":\"WebPage\",\"@id\":\"https:\/\/bernissartlac.be\/cgv\/\",\"url\":\"https:\/\/bernissartlac.be\/cgv\/\",\"name\":\"CGV - Lac de Bernissart\",\"isPartOf\":{\"@id\":\"https:\/\/bernissartlac.be\/#website\"},\"datePublished\":\"2023-12-18T22:48:13+00:00\",\"dateModified\":\"2024-02-21T15:14:50+00:00\",\"breadcrumb\":{\"@id\":\"https:\/\/bernissartlac.be\/cgv\/#breadcrumb\"},\"inLanguage\":\"nl-BE\",\"potentialAction\":[{\"@type\":\"ReadAction\",\"target\":[\"https:\/\/bernissartlac.be\/cgv\/\"]}]},{\"@type\":\"BreadcrumbList\",\"@id\":\"https:\/\/bernissartlac.be\/cgv\/#breadcrumb\",\"itemListElement\":[{\"@type\":\"ListItem\",\"position\":1,\"name\":\"Accueil\",\"item\":\"https:\/\/bernissartlac.be\/\"},{\"@type\":\"ListItem\",\"position\":2,\"name\":\"CGV\"}]},{\"@type\":\"WebSite\",\"@id\":\"https:\/\/bernissartlac.be\/#website\",\"url\":\"https:\/\/bernissartlac.be\/\",\"name\":\"Lac de Bernissart\",\"description\":\"Un lieu sp\u00e9cialement am\u00e9nag\u00e9 pour les amateurs de p\u00eache !\",\"publisher\":{\"@id\":\"https:\/\/bernissartlac.be\/#organization\"},\"potentialAction\":[{\"@type\":\"SearchAction\",\"target\":{\"@type\":\"EntryPoint\",\"urlTemplate\":\"https:\/\/bernissartlac.be\/?s={search_term_string}\"},\"query-input\":{\"@type\":\"PropertyValueSpecification\",\"valueRequired\":true,\"valueName\":\"search_term_string\"}}],\"inLanguage\":\"nl-BE\"},{\"@type\":\"Organization\",\"@id\":\"https:\/\/bernissartlac.be\/#organization\",\"name\":\"Lac de Bernissart\",\"url\":\"https:\/\/bernissartlac.be\/\",\"logo\":{\"@type\":\"ImageObject\",\"inLanguage\":\"nl-BE\",\"@id\":\"https:\/\/bernissartlac.be\/#\/schema\/logo\/image\/\",\"url\":\"https:\/\/bernissartlac.be\/wp-content\/uploads\/2023\/03\/Bernissart-Lac-Logo.png\",\"contentUrl\":\"https:\/\/bernissartlac.be\/wp-content\/uploads\/2023\/03\/Bernissart-Lac-Logo.png\",\"width\":308,\"height\":199,\"caption\":\"Lac de Bernissart\"},\"image\":{\"@id\":\"https:\/\/bernissartlac.be\/#\/schema\/logo\/image\/\"}}]}<\/script>\n<!-- \/ Yoast SEO plugin. -->","yoast_head_json":{"title":"CGV - Lac de Bernissart","robots":{"index":"index","follow":"follow","max-snippet":"max-snippet:-1","max-image-preview":"max-image-preview:large","max-video-preview":"max-video-preview:-1"},"canonical":"https:\/\/bernissartlac.be\/nl\/cgv\/","og_locale":"nl_BE","og_type":"article","og_title":"CGV - Lac de Bernissart","og_description":"Conditions g\u00e9n\u00e9rales de ventes Bienvenue sur notre site ! Veuillez lire attentivement les conditions g\u00e9n\u00e9rales de vente avant de passer une commande. la SA La Carpe de Bernissart est inscrite au registre du commerce sous le num\u00e9ro BE0480.769.513. Son adresse postale est 133 Bernissart lac, 7320 Bernissart , Belgique et son adresse de courrier \u00e9lectronique [&hellip;]","og_url":"https:\/\/bernissartlac.be\/nl\/cgv\/","og_site_name":"Lac de Bernissart","article_modified_time":"2024-02-21T15:14:50+00:00","twitter_card":"summary_large_image","twitter_misc":{"Geschatte leestijd":"9 minuten"},"schema":{"@context":"https:\/\/schema.org","@graph":[{"@type":"WebPage","@id":"https:\/\/bernissartlac.be\/cgv\/","url":"https:\/\/bernissartlac.be\/cgv\/","name":"CGV - Lac de Bernissart","isPartOf":{"@id":"https:\/\/bernissartlac.be\/#website"},"datePublished":"2023-12-18T22:48:13+00:00","dateModified":"2024-02-21T15:14:50+00:00","breadcrumb":{"@id":"https:\/\/bernissartlac.be\/cgv\/#breadcrumb"},"inLanguage":"nl-BE","potentialAction":[{"@type":"ReadAction","target":["https:\/\/bernissartlac.be\/cgv\/"]}]},{"@type":"BreadcrumbList","@id":"https:\/\/bernissartlac.be\/cgv\/#breadcrumb","itemListElement":[{"@type":"ListItem","position":1,"name":"Accueil","item":"https:\/\/bernissartlac.be\/"},{"@type":"ListItem","position":2,"name":"CGV"}]},{"@type":"WebSite","@id":"https:\/\/bernissartlac.be\/#website","url":"https:\/\/bernissartlac.be\/","name":"Het Bernissartmeer","description":"Een plek speciaal ontworpen voor sportvissers!","publisher":{"@id":"https:\/\/bernissartlac.be\/#organization"},"potentialAction":[{"@type":"SearchAction","target":{"@type":"EntryPoint","urlTemplate":"https:\/\/bernissartlac.be\/?s={search_term_string}"},"query-input":{"@type":"PropertyValueSpecification","valueRequired":true,"valueName":"search_term_string"}}],"inLanguage":"nl-BE"},{"@type":"Organization","@id":"https:\/\/bernissartlac.be\/#organization","name":"Het Bernissartmeer","url":"https:\/\/bernissartlac.be\/","logo":{"@type":"ImageObject","inLanguage":"nl-BE","@id":"https:\/\/bernissartlac.be\/#\/schema\/logo\/image\/","url":"https:\/\/bernissartlac.be\/wp-content\/uploads\/2023\/03\/Bernissart-Lac-Logo.png","contentUrl":"https:\/\/bernissartlac.be\/wp-content\/uploads\/2023\/03\/Bernissart-Lac-Logo.png","width":308,"height":199,"caption":"Lac de Bernissart"},"image":{"@id":"https:\/\/bernissartlac.be\/#\/schema\/logo\/image\/"}}]}},"_links":{"self":[{"href":"https:\/\/bernissartlac.be\/nl\/wp-json\/wp\/v2\/pages\/4578","targetHints":{"allow":["GET"]}}],"collection":[{"href":"https:\/\/bernissartlac.be\/nl\/wp-json\/wp\/v2\/pages"}],"about":[{"href":"https:\/\/bernissartlac.be\/nl\/wp-json\/wp\/v2\/types\/page"}],"author":[{"embeddable":true,"href":"https:\/\/bernissartlac.be\/nl\/wp-json\/wp\/v2\/users\/1"}],"replies":[{"embeddable":true,"href":"https:\/\/bernissartlac.be\/nl\/wp-json\/wp\/v2\/comments?post=4578"}],"version-history":[{"count":9,"href":"https:\/\/bernissartlac.be\/nl\/wp-json\/wp\/v2\/pages\/4578\/revisions"}],"predecessor-version":[{"id":4674,"href":"https:\/\/bernissartlac.be\/nl\/wp-json\/wp\/v2\/pages\/4578\/revisions\/4674"}],"wp:attachment":[{"href":"https:\/\/bernissartlac.be\/nl\/wp-json\/wp\/v2\/media?parent=4578"}],"curies":[{"name":"wp","href":"https:\/\/api.w.org\/{rel}","templated":true}]}}