{"id":4675,"date":"2024-02-21T16:18:34","date_gmt":"2024-02-21T15:18:34","guid":{"rendered":"https:\/\/bernissartlac.be\/?page_id=4675"},"modified":"2025-05-19T14:32:29","modified_gmt":"2025-05-19T12:32:29","slug":"reglements-et-tarifs","status":"publish","type":"page","link":"https:\/\/bernissartlac.be\/en\/reglements-et-tarifs\/","title":{"rendered":"Regulations and prices"},"content":{"rendered":"<style>\/*! elementor - v3.18.0 - 08-12-2023 *\/<br \/>\n.elementor-heading-title{padding:0;margin:0;line-height:1}.elementor-widget-heading .elementor-heading-title[class*=elementor-size-]>a{color:inherit;font-size:inherit;line-height:inherit}.elementor-widget-heading .elementor-heading-title.elementor-size-small{font-size:15px}.elementor-widget-heading .elementor-heading-title.elementor-size-medium{font-size:19px}.elementor-widget-heading .elementor-heading-title.elementor-size-large{font-size:29px}.elementor-widget-heading .elementor-heading-title.elementor-size-xl{font-size:39px}.elementor-widget-heading .elementor-heading-title.elementor-size-xxl{font-size:59px}<\/style>\n<h2>Please go to reception before settling in.<\/h2>\n<h2><strong>Regulations of Lake Bernissart<\/strong><\/h2>\n<p><strong>Internal regulations<\/strong><\/p>\n<ul>\n<li>After unloading the material, cars must be parked behind the post along the way.<\/li>\n<li>Do not throw your cigarette ends on the floor. A cigarette butt box must be provided for smokers.<\/li>\n<li>Swimming is strictly prohibited.<\/li>\n<li>Our dog friends must be kept on a leash. Please pick up their needs.<\/li>\n<li>Vehicle traffic around the lake is prohibited from 10 p.m. to 8 a.m.<\/li>\n<li>It is strictly forbidden to relieve yourself at the lake.<\/li>\n<li>We ask you to provide your own chemical toilet.<\/li>\n<li>Draining into the lake or on site is prohibited. We also have toilets and showers. (2 euros per shower)<\/li>\n<li>Please respect the nature, calm and cleanliness of the site.<\/li>\n<li>Take trash bags with you.<\/li>\n<li>The station must be clean and without trash bags when you leave.<\/li>\n<li>Do not light a fire on the ground. Barbecues are prohibited except for barbecues on legs (cold ashes to be poured into a trash bag).<\/li>\n<li>Excessive alcohol consumption is strictly prohibited.<\/li>\n<li>The management reserves the right to immediately exclude from the site, and without reimbursement, in the event of obvious drunkenness of a fisherman or consumption of narcotics.<\/li>\n<li>Please provide lighting suitable for the position (lake lighting prohibited).<\/li>\n<li>Paid companion. 5 euros per 24 hours except women and children<\/li>\n<li>No noise, music etc\u2026 from 10 p.m. to 8 a.m. Respect your neighbors.<\/li>\n<li>Generator prohibited.<\/li>\n<\/ul>\n<h2>Fishing regulations<\/h2>\n<p><span style=\"color: #ff0000;\"><strong>!!! NO KILL!!!<\/strong><\/span><\/p>\n<ul>\n<li>Fishing is only authorized on marked out locations facing the marker opposite.<br \/>\nFour rods per angler with 1 line per rod. (no reduction in price if you use less than four)<\/li>\n<li>Only hooks with micro barb are accepted, size 4 maximum and 8 minimum.<\/li>\n<li>Nylon thread 25 hundredths minimum.<\/li>\n<li>Braids are prohibited except for leaders.<\/li>\n<li>Leadcore banned<\/li>\n<li>Reception mattress (XXL) obligatory, always wet.<\/li>\n<li>Landing net and weighing bag required.<\/li>\n<li>Headlamp required.<\/li>\n<li>The seeds must be thoroughly cooked.<\/li>\n<li>PROHIBITED peanuts<\/li>\n<li>Tiger nuts are TOTALLY PROHIBITED for baiting, but tolerated for baiting.<\/li>\n<li>Bait boats are authorized from November 15 to March 15<\/li>\n<\/ul>\n<p><span style=\"color: #ff0000;\"><strong>NO LINE UNSUPERVISED.<\/strong><\/span><\/p>\n<ul>\n<li>Any intentional mutilation of a fish will result in the immediate exclusion of the fisherman.<\/li>\n<li>Obligation to hold and use specific healing products for carp (1 per person required).<\/li>\n<li>All fish must be released immediately, after a quick photo session where the fish and the mat will be moistened.<\/li>\n<li>Carp bags are prohibited, even at night (under penalty of immediate exclusion).<\/li>\n<li>Criminal proceedings will be initiated in the event of theft or attempted theft of fish.<\/li>\n<li>Any breach of the regulations will result in definitive expulsion from the lake without reimbursement.<\/li>\n<\/ul>\n<p><span style=\"color: #ff0000;\"><strong>Frequent checks will be carried out to check your rigs as well as your baits and baits.<\/strong><\/span><\/p>\n<h2>PRICES AND RESERVATIONS<\/h2>\n<ul>\n<li><strong>White day = 10 euros<\/strong><\/li>\n<li><strong>Carp day = 15 euros (8 a.m. -&gt; 8 p.m.)<\/strong><\/li>\n<li><strong>Feeder day = 12 euros (8 a.m. -&gt; 8 p.m.)<\/strong><\/li>\n<\/ul>\n<p><span style=\"color: #ff0000;\"><em>(Only during the week from Monday to Thursday and without reservation, contact us the day before to find out if it is possible or not depending on the positions available.<\/em><\/span><\/p>\n<ul>\n<li><strong>24 hours = 25 euros<\/strong><\/li>\n<\/ul>\n<p><span style=\"color: #ff0000;\"><em>(Only from Sunday to Friday 12 p.m. Reservation required. It will be possible to do 24 hours on weekends only if there are free positions.)<\/em><\/span><\/p>\n<ul>\n<li><strong>48 hours = 50 euros<\/strong> (Mandatory reservation)<\/li>\n<li><strong>72 hours = 75 euros<\/strong> (Mandatory reservation)<\/li>\n<li><strong>96 hours = 100 euros<\/strong> (Mandatory reservation)<\/li>\n<li><strong>120 hours = 125 euros<\/strong> (Mandatory reservation)<\/li>\n<li><strong>144 hours = 150 euros<\/strong> (Mandatory reservation)<\/li>\n<li><strong>1 week = 175 euros<\/strong> (Mandatory reservation)<\/li>\n<\/ul>\n<p><strong>Arrival time = 12:30 p.m. Departure time = 12 p.m.<\/strong><\/p>\n<p><span style=\"color: #ff0000;\">A non-refundable deposit of 50% must be due to validate a reservation and the balance on site.<\/span><\/p>\n<h3><span style=\"color: #ff0000;\">MANDATORY GOING THROUGH RECEPTION BEFORE SETTLE IN.<\/span><\/h3>","protected":false},"excerpt":{"rendered":"<p>Please go to reception before settling in. Regulations of Lake Bernissart Internal regulations After unloading the equipment, cars must be parked behind the post along the path. Do not throw your cigarette ends on the floor. A cigarette butt box must be provided for smokers. Swimming is strictly prohibited. Our friends [\u2026]<\/p>","protected":false},"author":1,"featured_media":0,"parent":0,"menu_order":0,"comment_status":"closed","ping_status":"closed","template":"elementor_theme","meta":{"_acf_changed":false,"footnotes":""},"class_list":["post-4675","page","type-page","status-publish","hentry"],"acf":[],"yoast_head":"<!-- This site is optimized with the Yoast SEO plugin v26.8 - https:\/\/yoast.com\/product\/yoast-seo-wordpress\/ -->\n<title>R\u00e8glements et tarifs - Lac de Bernissart<\/title>\n<meta name=\"robots\" content=\"index, follow, max-snippet:-1, max-image-preview:large, max-video-preview:-1\" \/>\n<link rel=\"canonical\" href=\"https:\/\/bernissartlac.be\/en\/reglements-et-tarifs\/\" \/>\n<meta property=\"og:locale\" content=\"en_US\" \/>\n<meta property=\"og:type\" content=\"article\" \/>\n<meta property=\"og:title\" content=\"R\u00e8glements et tarifs - Lac de Bernissart\" \/>\n<meta property=\"og:description\" content=\"Veuillez passer \u00e0 l&#8217;accueil avant de vous installer. R\u00e8glement du Lac de Bernissart R\u00e8glement int\u00e9rieur Apr\u00e8s d\u00e9chargement du mat\u00e9riel, les voitures doivent \u00eatre stationn\u00e9es derri\u00e8re le poste le long du chemin. Ne jetez pas vos m\u00e9gots par terre. Une bo\u00eete \u00e0 m\u00e9gots doit \u00eatre pr\u00e9vue pour les fumeurs. La baignade est strictement interdite. Nos amis [&hellip;]\" \/>\n<meta property=\"og:url\" content=\"https:\/\/bernissartlac.be\/en\/reglements-et-tarifs\/\" \/>\n<meta property=\"og:site_name\" content=\"Lac de Bernissart\" \/>\n<meta property=\"article:modified_time\" content=\"2025-05-19T12:32:29+00:00\" \/>\n<meta name=\"twitter:card\" content=\"summary_large_image\" \/>\n<meta name=\"twitter:label1\" content=\"Est. reading time\" \/>\n\t<meta name=\"twitter:data1\" content=\"4 minutes\" \/>\n<script type=\"application\/ld+json\" class=\"yoast-schema-graph\">{\"@context\":\"https:\/\/schema.org\",\"@graph\":[{\"@type\":\"WebPage\",\"@id\":\"https:\/\/bernissartlac.be\/reglements-et-tarifs\/\",\"url\":\"https:\/\/bernissartlac.be\/reglements-et-tarifs\/\",\"name\":\"R\u00e8glements et tarifs - Lac de Bernissart\",\"isPartOf\":{\"@id\":\"https:\/\/bernissartlac.be\/#website\"},\"datePublished\":\"2024-02-21T15:18:34+00:00\",\"dateModified\":\"2025-05-19T12:32:29+00:00\",\"breadcrumb\":{\"@id\":\"https:\/\/bernissartlac.be\/reglements-et-tarifs\/#breadcrumb\"},\"inLanguage\":\"en-US\",\"potentialAction\":[{\"@type\":\"ReadAction\",\"target\":[\"https:\/\/bernissartlac.be\/reglements-et-tarifs\/\"]}]},{\"@type\":\"BreadcrumbList\",\"@id\":\"https:\/\/bernissartlac.be\/reglements-et-tarifs\/#breadcrumb\",\"itemListElement\":[{\"@type\":\"ListItem\",\"position\":1,\"name\":\"Accueil\",\"item\":\"https:\/\/bernissartlac.be\/\"},{\"@type\":\"ListItem\",\"position\":2,\"name\":\"R\u00e8glements et tarifs\"}]},{\"@type\":\"WebSite\",\"@id\":\"https:\/\/bernissartlac.be\/#website\",\"url\":\"https:\/\/bernissartlac.be\/\",\"name\":\"Lac de Bernissart\",\"description\":\"Un lieu sp\u00e9cialement am\u00e9nag\u00e9 pour les amateurs de p\u00eache !\",\"publisher\":{\"@id\":\"https:\/\/bernissartlac.be\/#organization\"},\"potentialAction\":[{\"@type\":\"SearchAction\",\"target\":{\"@type\":\"EntryPoint\",\"urlTemplate\":\"https:\/\/bernissartlac.be\/?s={search_term_string}\"},\"query-input\":{\"@type\":\"PropertyValueSpecification\",\"valueRequired\":true,\"valueName\":\"search_term_string\"}}],\"inLanguage\":\"en-US\"},{\"@type\":\"Organization\",\"@id\":\"https:\/\/bernissartlac.be\/#organization\",\"name\":\"Lac de Bernissart\",\"url\":\"https:\/\/bernissartlac.be\/\",\"logo\":{\"@type\":\"ImageObject\",\"inLanguage\":\"en-US\",\"@id\":\"https:\/\/bernissartlac.be\/#\/schema\/logo\/image\/\",\"url\":\"https:\/\/bernissartlac.be\/wp-content\/uploads\/2023\/03\/Bernissart-Lac-Logo.png\",\"contentUrl\":\"https:\/\/bernissartlac.be\/wp-content\/uploads\/2023\/03\/Bernissart-Lac-Logo.png\",\"width\":308,\"height\":199,\"caption\":\"Lac de Bernissart\"},\"image\":{\"@id\":\"https:\/\/bernissartlac.be\/#\/schema\/logo\/image\/\"}}]}<\/script>\n<!-- \/ Yoast SEO plugin. -->","yoast_head_json":{"title":"R\u00e8glements et tarifs - Lac de Bernissart","robots":{"index":"index","follow":"follow","max-snippet":"max-snippet:-1","max-image-preview":"max-image-preview:large","max-video-preview":"max-video-preview:-1"},"canonical":"https:\/\/bernissartlac.be\/en\/reglements-et-tarifs\/","og_locale":"en_US","og_type":"article","og_title":"R\u00e8glements et tarifs - Lac de Bernissart","og_description":"Veuillez passer \u00e0 l&#8217;accueil avant de vous installer. R\u00e8glement du Lac de Bernissart R\u00e8glement int\u00e9rieur Apr\u00e8s d\u00e9chargement du mat\u00e9riel, les voitures doivent \u00eatre stationn\u00e9es derri\u00e8re le poste le long du chemin. Ne jetez pas vos m\u00e9gots par terre. Une bo\u00eete \u00e0 m\u00e9gots doit \u00eatre pr\u00e9vue pour les fumeurs. La baignade est strictement interdite. Nos amis [&hellip;]","og_url":"https:\/\/bernissartlac.be\/en\/reglements-et-tarifs\/","og_site_name":"Lac de Bernissart","article_modified_time":"2025-05-19T12:32:29+00:00","twitter_card":"summary_large_image","twitter_misc":{"Est. reading time":"4 minutes"},"schema":{"@context":"https:\/\/schema.org","@graph":[{"@type":"WebPage","@id":"https:\/\/bernissartlac.be\/reglements-et-tarifs\/","url":"https:\/\/bernissartlac.be\/reglements-et-tarifs\/","name":"R\u00e8glements et tarifs - Lac de Bernissart","isPartOf":{"@id":"https:\/\/bernissartlac.be\/#website"},"datePublished":"2024-02-21T15:18:34+00:00","dateModified":"2025-05-19T12:32:29+00:00","breadcrumb":{"@id":"https:\/\/bernissartlac.be\/reglements-et-tarifs\/#breadcrumb"},"inLanguage":"en-US","potentialAction":[{"@type":"ReadAction","target":["https:\/\/bernissartlac.be\/reglements-et-tarifs\/"]}]},{"@type":"BreadcrumbList","@id":"https:\/\/bernissartlac.be\/reglements-et-tarifs\/#breadcrumb","itemListElement":[{"@type":"ListItem","position":1,"name":"Accueil","item":"https:\/\/bernissartlac.be\/"},{"@type":"ListItem","position":2,"name":"R\u00e8glements et tarifs"}]},{"@type":"WebSite","@id":"https:\/\/bernissartlac.be\/#website","url":"https:\/\/bernissartlac.be\/","name":"Lake Bernissart","description":"A place specially designed for fishing enthusiasts!","publisher":{"@id":"https:\/\/bernissartlac.be\/#organization"},"potentialAction":[{"@type":"SearchAction","target":{"@type":"EntryPoint","urlTemplate":"https:\/\/bernissartlac.be\/?s={search_term_string}"},"query-input":{"@type":"PropertyValueSpecification","valueRequired":true,"valueName":"search_term_string"}}],"inLanguage":"en-US"},{"@type":"Organization","@id":"https:\/\/bernissartlac.be\/#organization","name":"Lake Bernissart","url":"https:\/\/bernissartlac.be\/","logo":{"@type":"ImageObject","inLanguage":"en-US","@id":"https:\/\/bernissartlac.be\/#\/schema\/logo\/image\/","url":"https:\/\/bernissartlac.be\/wp-content\/uploads\/2023\/03\/Bernissart-Lac-Logo.png","contentUrl":"https:\/\/bernissartlac.be\/wp-content\/uploads\/2023\/03\/Bernissart-Lac-Logo.png","width":308,"height":199,"caption":"Lac de Bernissart"},"image":{"@id":"https:\/\/bernissartlac.be\/#\/schema\/logo\/image\/"}}]}},"_links":{"self":[{"href":"https:\/\/bernissartlac.be\/en\/wp-json\/wp\/v2\/pages\/4675","targetHints":{"allow":["GET"]}}],"collection":[{"href":"https:\/\/bernissartlac.be\/en\/wp-json\/wp\/v2\/pages"}],"about":[{"href":"https:\/\/bernissartlac.be\/en\/wp-json\/wp\/v2\/types\/page"}],"author":[{"embeddable":true,"href":"https:\/\/bernissartlac.be\/en\/wp-json\/wp\/v2\/users\/1"}],"replies":[{"embeddable":true,"href":"https:\/\/bernissartlac.be\/en\/wp-json\/wp\/v2\/comments?post=4675"}],"version-history":[{"count":6,"href":"https:\/\/bernissartlac.be\/en\/wp-json\/wp\/v2\/pages\/4675\/revisions"}],"predecessor-version":[{"id":5148,"href":"https:\/\/bernissartlac.be\/en\/wp-json\/wp\/v2\/pages\/4675\/revisions\/5148"}],"wp:attachment":[{"href":"https:\/\/bernissartlac.be\/en\/wp-json\/wp\/v2\/media?parent=4675"}],"curies":[{"name":"wp","href":"https:\/\/api.w.org\/{rel}","templated":true}]}}