{"id":4179,"date":"2023-10-24T17:09:47","date_gmt":"2023-10-24T15:09:47","guid":{"rendered":"https:\/\/bernissartlac.be\/?page_id=4179"},"modified":"2024-02-12T14:58:37","modified_gmt":"2024-02-12T13:58:37","slug":"le-lac","status":"publish","type":"page","link":"https:\/\/bernissartlac.be\/en\/le-lac\/","title":{"rendered":"Lake"},"content":{"rendered":"<div data-elementor-type=\"wp-page\" data-elementor-id=\"4179\" class=\"elementor elementor-4179\">\n\t\t\t\t\t\t<section class=\"elementor-section elementor-top-section elementor-element elementor-element-e0e69ce elementor-section-boxed elementor-section-height-default elementor-section-height-default\" data-id=\"e0e69ce\" data-element_type=\"section\">\n\t\t\t\t\t\t<div class=\"elementor-container elementor-column-gap-default\">\n\t\t\t\t\t<div class=\"elementor-column elementor-col-100 elementor-top-column elementor-element elementor-element-5ce4438\" data-id=\"5ce4438\" data-element_type=\"column\">\n\t\t\t<div class=\"elementor-widget-wrap elementor-element-populated\">\n\t\t\t\t\t\t<section class=\"elementor-section elementor-inner-section elementor-element elementor-element-1360559 elementor-section-full_width elementor-section-height-default elementor-section-height-default\" data-id=\"1360559\" data-element_type=\"section\">\n\t\t\t\t\t\t<div class=\"elementor-container elementor-column-gap-default\">\n\t\t\t\t\t<div class=\"elementor-column elementor-col-50 elementor-inner-column elementor-element elementor-element-60d290a\" data-id=\"60d290a\" data-element_type=\"column\">\n\t\t\t<div class=\"elementor-widget-wrap elementor-element-populated\">\n\t\t\t\t\t\t<div class=\"elementor-element elementor-element-349b483 elementor-widget elementor-widget-vedhak_elementor_heading\" data-id=\"349b483\" data-element_type=\"widget\" data-widget_type=\"vedhak_elementor_heading.default\">\n\t\t\t\t<div class=\"elementor-widget-container\">\n\t\t\t\t\t\n\t\t\t<div class=\"ova-heading template1\">\n\n\t\t\t\t\n\t\t\t\t\t<h2 class=\"sub-title\">\n\n\t\t\t\t\t\t01\n\t\t\t\t\t\t\t\t\t\t\t\t\t<span class=\"line-decoration\"><\/span>\n\t\t\t\t\t\t\n\t\t\t\t\t\tLake \n\t\t\t\t\t<\/h2>\n\n\t\t\t\t\n\t\t\t\t\n\t\t\t\t\t\n\t\t\t\t\t\t<h3 class=\"title\"><span class=\"title-bold\">Bernissart Lake, your destination <\/span><span class=\"title-normal\">\nfor your fishing session!<\/span><\/h3>\n\n\t\t\t\t\t\n\n\t\t\t\t\t\t\t\t\t\n\t\t\t\t\n\t\t\t\t\n\t\t\t\t\t\n\t\t\t\t\n\t\t\t<\/div>\n\n\t\t\t\t\t\t<\/div>\n\t\t\t\t<\/div>\n\t\t\t\t\t<\/div>\n\t\t<\/div>\n\t\t\t\t<div class=\"elementor-column elementor-col-50 elementor-inner-column elementor-element elementor-element-ebd5f30\" data-id=\"ebd5f30\" data-element_type=\"column\">\n\t\t\t<div class=\"elementor-widget-wrap elementor-element-populated\">\n\t\t\t\t\t\t<div class=\"elementor-element elementor-element-3ed64f3 elementor-widget elementor-widget-text-editor\" data-id=\"3ed64f3\" data-element_type=\"widget\" data-widget_type=\"text-editor.default\">\n\t\t\t\t<div class=\"elementor-widget-container\">\n\t\t\t\t\t\t\t\t\t<p>Bernissart Lac is much more than just a standard of water. It is a true sanctuary for fishing enthusiasts, a place where the tranquility of nature blends perfectly with the excitement of fishing.<\/p>\t\t\t\t\t\t\t\t<\/div>\n\t\t\t\t<\/div>\n\t\t\t\t\t<\/div>\n\t\t<\/div>\n\t\t\t\t\t<\/div>\n\t\t<\/section>\n\t\t\t\t\t<\/div>\n\t\t<\/div>\n\t\t\t\t\t<\/div>\n\t\t<\/section>\n\t\t\t\t<section class=\"elementor-section elementor-top-section elementor-element elementor-element-3f89cb2 elementor-section-full_width elementor-section-height-default elementor-section-height-default\" data-id=\"3f89cb2\" data-element_type=\"section\" data-settings=\"{&quot;background_background&quot;:&quot;classic&quot;}\">\n\t\t\t\t\t\t\t<div class=\"elementor-background-overlay\"><\/div>\n\t\t\t\t\t\t\t<div class=\"elementor-container elementor-column-gap-no\">\n\t\t\t\t\t<div class=\"elementor-column elementor-col-50 elementor-top-column elementor-element elementor-element-df07521\" data-id=\"df07521\" data-element_type=\"column\">\n\t\t\t<div class=\"elementor-widget-wrap\">\n\t\t\t\t\t\t\t<\/div>\n\t\t<\/div>\n\t\t\t\t<div class=\"elementor-column elementor-col-50 elementor-top-column elementor-element elementor-element-681545e\" data-id=\"681545e\" data-element_type=\"column\" data-settings=\"{&quot;background_background&quot;:&quot;classic&quot;}\">\n\t\t\t<div class=\"elementor-widget-wrap elementor-element-populated\">\n\t\t\t\t\t\t<div class=\"elementor-element elementor-element-65a9272 elementor-widget elementor-widget-vedhak_elementor_heading\" data-id=\"65a9272\" data-element_type=\"widget\" data-widget_type=\"vedhak_elementor_heading.default\">\n\t\t\t\t<div class=\"elementor-widget-container\">\n\t\t\t\t\t\n\t\t\t<div class=\"ova-heading template1\">\n\n\t\t\t\t\n\t\t\t\t\t<h2 class=\"sub-title\">\n\n\t\t\t\t\t\t02\n\t\t\t\t\t\t\t\t\t\t\t\t\t<span class=\"line-decoration\"><\/span>\n\t\t\t\t\t\t\n\t\t\t\t\t\tLake \n\t\t\t\t\t<\/h2>\n\n\t\t\t\t\n\t\t\t\t\n\t\t\t\t\t\n\t\t\t\t\t\t<h3 class=\"title\"><span class=\"title-bold\">A place specially designed for fishing enthusiasts!<\/span><span class=\"title-normal\"><\/span><\/h3>\n\n\t\t\t\t\t\n\n\t\t\t\t\t\t\t\t\t\n\t\t\t\t\n\t\t\t\t\n\t\t\t\t\t\n\t\t\t\t\n\t\t\t<\/div>\n\n\t\t\t\t\t\t<\/div>\n\t\t\t\t<\/div>\n\t\t\t\t<section class=\"elementor-section elementor-inner-section elementor-element elementor-element-0c2ef4b elementor-section-full_width elementor-section-height-default elementor-section-height-default\" data-id=\"0c2ef4b\" data-element_type=\"section\">\n\t\t\t\t\t\t<div class=\"elementor-container elementor-column-gap-no\">\n\t\t\t\t\t<div class=\"elementor-column elementor-col-100 elementor-inner-column elementor-element elementor-element-4f816f2\" data-id=\"4f816f2\" data-element_type=\"column\">\n\t\t\t<div class=\"elementor-widget-wrap elementor-element-populated\">\n\t\t\t\t\t\t<div class=\"elementor-element elementor-element-39824d8 elementor-widget elementor-widget-vedhak_elementor_icon_box\" data-id=\"39824d8\" data-element_type=\"widget\" data-widget_type=\"vedhak_elementor_icon_box.default\">\n\t\t\t\t<div class=\"elementor-widget-container\">\n\t\t\t\t\t\n\t\t<div class=\"ova-icon-box template4\"> \n\n\t\t\t\t\n\t\t\t\t<div class=\"iconbox\">\n\t\t\t\t\n\n\t\t\t\t<span class=\"icon\">\n\t\t\t\t\t\t\t\t\t<\/span>\n\t\t\t\t\n\t\t\t\t<div class=\"content\">\n\n\t\t\t\t\t\n\t                \t\t\t\t\t\t<p class=\"description\">\n\t\t\t\t\t\t\tWith more than 14 hectares of space dedicated to fishing, Bernissart Lac offers a variety of locations carefully designed to meet the needs of each angler. We have the perfect location for you. In addition, some pitches are equipped with electricity points to offer you even more comfort.\t\t\t\t\t\t<\/p>\n\t\t\t\t\t\n\t\t\t\t<\/div>\n\t\t\t\t\n\t\t\t\t\t\t\t\t\t<div class=\"line-decoration\"><\/div>\n\t\t\t\t\n\t\t\t\t\n\n\t\t\t\t\n\t\t\t\t<\/div>\n\t\t\t\t\n\n\t\t<\/div>\n\n\t\t\t\t\t\t<\/div>\n\t\t\t\t<\/div>\n\t\t\t\t\t<\/div>\n\t\t<\/div>\n\t\t\t\t\t<\/div>\n\t\t<\/section>\n\t\t\t\t\t<\/div>\n\t\t<\/div>\n\t\t\t\t\t<\/div>\n\t\t<\/section>\n\t\t\t\t<section class=\"elementor-section elementor-top-section elementor-element elementor-element-f94a2a5 elementor-section-content-middle elementor-section-boxed elementor-section-height-default elementor-section-height-default\" data-id=\"f94a2a5\" data-element_type=\"section\">\n\t\t\t\t\t\t<div class=\"elementor-container elementor-column-gap-no\">\n\t\t\t\t\t<div class=\"elementor-column elementor-col-50 elementor-top-column elementor-element elementor-element-829834b\" data-id=\"829834b\" data-element_type=\"column\">\n\t\t\t<div class=\"elementor-widget-wrap elementor-element-populated\">\n\t\t\t\t\t\t<div class=\"elementor-element elementor-element-e8e4b21 elementor-widget elementor-widget-vedhak_elementor_heading\" data-id=\"e8e4b21\" data-element_type=\"widget\" data-widget_type=\"vedhak_elementor_heading.default\">\n\t\t\t\t<div class=\"elementor-widget-container\">\n\t\t\t\t\t\n\t\t\t<div class=\"ova-heading template1\">\n\n\t\t\t\t\n\t\t\t\t\t<h2 class=\"sub-title\">\n\n\t\t\t\t\t\t03\n\t\t\t\t\t\t\t\t\t\t\t\t\t<span class=\"line-decoration\"><\/span>\n\t\t\t\t\t\t\n\t\t\t\t\t\tLake \n\t\t\t\t\t<\/h2>\n\n\t\t\t\t\n\t\t\t\t\n\t\t\t\t\t\n\t\t\t\t\t\t<h3 class=\"title\"><span class=\"title-bold\">For amateurs \n<\/span><span class=\"title-normal\">of nature<\/span><\/h3>\n\n\t\t\t\t\t\n\n\t\t\t\t\t\t\t\t\t\n\t\t\t\t\n\t\t\t\t\n\t\t\t\t\t\t\t\t\t\t\t<p class=\"description\">Our lake is open to anyone looking for a quiet break in nature. Come stroll along our picturesque trails, observe local wildlife, or simply enjoy the peace and quiet. Our tavern is also open to everyone, whether you are a fisherman or not. Come eat and relax in a natural setting.<\/p>\n\t\t\t\t\t\n\t\t\t\t\n\t\t\t<\/div>\n\n\t\t\t\t\t\t<\/div>\n\t\t\t\t<\/div>\n\t\t\t\t<div class=\"elementor-element elementor-element-aef739e elementor-widget elementor-widget-vedhak_elementor_progress\" data-id=\"aef739e\" data-element_type=\"widget\" data-widget_type=\"vedhak_elementor_progress.default\">\n\t\t\t\t<div class=\"elementor-widget-container\">\n\t\t\t\t\t\n\t\t<div class=\"ova-progress\">\n\t\t\t\t\t\t\t<h4 class=\"ova-progress-title\">Satisfied customers<\/h4>\n\t\t\t\t\t\t<div class=\"ova-percent-view\" >\n\t\t\t\t\t\t\t\t\t<span class=\"percentage\" >\n\t\t\t\t\t\t100%\t\t\t\t\t<\/span>\n\t\t\t\t\n\t\t\t\t<div class=\"ova-percent\" data-percent=\"100\"><\/div>\n\n\t\t\t\t\t\t\t\t\t<div class=\"ova-dot\"><\/div>\t\n\t\t\t\t\t\t\t<\/div>\n\t\t<\/div>\n\t\t \t\n\t\t\t\t\t\t<\/div>\n\t\t\t\t<\/div>\n\t\t\t\t\t<\/div>\n\t\t<\/div>\n\t\t\t\t<div class=\"elementor-column elementor-col-50 elementor-top-column elementor-element elementor-element-3ab266f vedhak_stretch_column_right\" data-id=\"3ab266f\" data-element_type=\"column\">\n\t\t\t<div class=\"elementor-widget-wrap elementor-element-populated\">\n\t\t\t\t\t\t<div class=\"elementor-element elementor-element-1993baf elementor-widget elementor-widget-image\" data-id=\"1993baf\" data-element_type=\"widget\" data-widget_type=\"image.default\">\n\t\t\t\t<div class=\"elementor-widget-container\">\n\t\t\t\t\t\t\t\t\t\t\t\t\t\t\t<img fetchpriority=\"high\" decoding=\"async\" width=\"945\" height=\"645\" src=\"https:\/\/bernissartlac.be\/wp-content\/uploads\/2023\/10\/lac3.jpg\" class=\"attachment-full size-full wp-image-4317\" alt=\"\" srcset=\"https:\/\/bernissartlac.be\/wp-content\/uploads\/2023\/10\/lac3.jpg 945w, https:\/\/bernissartlac.be\/wp-content\/uploads\/2023\/10\/lac3-600x410.jpg 600w, https:\/\/bernissartlac.be\/wp-content\/uploads\/2023\/10\/lac3-300x205.jpg 300w, https:\/\/bernissartlac.be\/wp-content\/uploads\/2023\/10\/lac3-768x524.jpg 768w\" sizes=\"(max-width: 945px) 100vw, 945px\" \/>\t\t\t\t\t\t\t\t\t\t\t\t\t\t\t<\/div>\n\t\t\t\t<\/div>\n\t\t\t\t\t<\/div>\n\t\t<\/div>\n\t\t\t\t\t<\/div>\n\t\t<\/section>\n\t\t\t\t<section class=\"elementor-section elementor-top-section elementor-element elementor-element-9a368a8 elementor-section-full_width elementor-hidden-desktop elementor-hidden-tablet elementor-hidden-mobile elementor-section-height-default elementor-section-height-default\" data-id=\"9a368a8\" data-element_type=\"section\" data-settings=\"{&quot;background_background&quot;:&quot;classic&quot;}\">\n\t\t\t\t\t\t<div class=\"elementor-container elementor-column-gap-no\">\n\t\t\t\t\t<div class=\"elementor-column elementor-col-100 elementor-top-column elementor-element elementor-element-e67d34e\" data-id=\"e67d34e\" data-element_type=\"column\">\n\t\t\t<div class=\"elementor-widget-wrap elementor-element-populated\">\n\t\t\t\t\t\t<div class=\"elementor-element elementor-element-6c6c773 elementor-widget elementor-widget-vedhak_elementor_heading\" data-id=\"6c6c773\" data-element_type=\"widget\" data-widget_type=\"vedhak_elementor_heading.default\">\n\t\t\t\t<div class=\"elementor-widget-container\">\n\t\t\t\t\t\n\t\t\t<div class=\"ova-heading template2\">\n\n\t\t\t\t\n\t\t\t\t\t\t\t\t\t<div class=\"wrap-content\">\n\t\t\t\t\n\t\t\t\t\t\n\t\t\t\t\t\t<h3 class=\"title\"><span class=\"title-bold\">Reserve your location <\/span><span class=\"title-normal\">online <\/span><\/h3>\n\n\t\t\t\t\t\n\n\t\t\t\t\t\n\t\t\t\t\t\t\t\t\t\t\t\t\t<a href=\"#\" class=\"button-readmore\" \n\t\t\t\t\t\t\t\ttarget=\"_self\" >\n\n\t\t\t\t\t\t\t\tbook here\n\t\t\t\t\t\t\t\t<i aria-hidden=\"true\" class=\"fas fa-angle-double-right\"><\/i>\t\t\t\t\t\t\t\t\n\t\t\t\t\t\t\t<\/a>\n\t\t\t\t\t\t\n\t\t\t\t\t\t<div class=\"background\">\n\t\t\t\t\t\t\tLake\t\t\t\t\t\t<\/div>\n\n\t\t\t\t\t\t\t\t\t\n\t\t\t\t\t\t\t\t\t<\/div>\n\t\t\t\t\n\t\t\t\t\n\t\t\t<\/div>\n\n\t\t\t\t\t\t<\/div>\n\t\t\t\t<\/div>\n\t\t\t\t\t<\/div>\n\t\t<\/div>\n\t\t\t\t\t<\/div>\n\t\t<\/section>\n\t\t\t\t<\/div>","protected":false},"excerpt":{"rendered":"<p>01 Lake Bernissart Lake, your destination for your fishing session! Bernissart Lac is much more than just a standard of water. It is a true sanctuary for fishing enthusiasts, a place where the tranquility of nature blends perfectly with the excitement of fishing. 02 The lake A place specially designed for [\u2026]<\/p>","protected":false},"author":2,"featured_media":0,"parent":0,"menu_order":0,"comment_status":"closed","ping_status":"closed","template":"elementor_header_footer","meta":{"_acf_changed":false,"footnotes":""},"class_list":["post-4179","page","type-page","status-publish","hentry"],"acf":[],"yoast_head":"<!-- This site is optimized with the Yoast SEO plugin v26.8 - https:\/\/yoast.com\/product\/yoast-seo-wordpress\/ -->\n<title>Le lac | La destination id\u00e9ale pour votre session de p\u00eache<\/title>\n<meta name=\"robots\" content=\"index, follow, max-snippet:-1, max-image-preview:large, max-video-preview:-1\" \/>\n<link rel=\"canonical\" href=\"https:\/\/bernissartlac.be\/en\/le-lac\/\" \/>\n<meta property=\"og:locale\" content=\"en_US\" \/>\n<meta property=\"og:type\" content=\"article\" \/>\n<meta property=\"og:title\" content=\"Le lac | La destination id\u00e9ale pour votre session de p\u00eache\" \/>\n<meta property=\"og:description\" content=\"01 Le lac Bernissart Lac, votre destination pour votre session de p\u00eache ! Bernissart Lac est bien plus qu&#8217;un simple \u00e9tendard d&#8217;eau. C&#8217;est un v\u00e9ritable sanctuaire pour les amateurs de p\u00eache, un lieu o\u00f9 la tranquillit\u00e9 de la nature se marie parfaitement avec l&#8217;excitation de la p\u00eache. 02 Le lac Un lieu sp\u00e9cialement am\u00e9nag\u00e9 pour [&hellip;]\" \/>\n<meta property=\"og:url\" content=\"https:\/\/bernissartlac.be\/en\/le-lac\/\" \/>\n<meta property=\"og:site_name\" content=\"Lac de Bernissart\" \/>\n<meta property=\"article:modified_time\" content=\"2024-02-12T13:58:37+00:00\" \/>\n<meta property=\"og:image\" content=\"https:\/\/bernissartlac.be\/wp-content\/uploads\/2023\/10\/lac3.jpg\" \/>\n<meta name=\"twitter:card\" content=\"summary_large_image\" \/>\n<meta name=\"twitter:label1\" content=\"Est. reading time\" \/>\n\t<meta name=\"twitter:data1\" content=\"2 minutes\" \/>\n<script type=\"application\/ld+json\" class=\"yoast-schema-graph\">{\"@context\":\"https:\/\/schema.org\",\"@graph\":[{\"@type\":\"WebPage\",\"@id\":\"https:\/\/bernissartlac.be\/le-lac\/\",\"url\":\"https:\/\/bernissartlac.be\/le-lac\/\",\"name\":\"Le lac | La destination id\u00e9ale pour votre session de p\u00eache\",\"isPartOf\":{\"@id\":\"https:\/\/bernissartlac.be\/#website\"},\"primaryImageOfPage\":{\"@id\":\"https:\/\/bernissartlac.be\/le-lac\/#primaryimage\"},\"image\":{\"@id\":\"https:\/\/bernissartlac.be\/le-lac\/#primaryimage\"},\"thumbnailUrl\":\"https:\/\/bernissartlac.be\/wp-content\/uploads\/2023\/10\/lac3.jpg\",\"datePublished\":\"2023-10-24T15:09:47+00:00\",\"dateModified\":\"2024-02-12T13:58:37+00:00\",\"breadcrumb\":{\"@id\":\"https:\/\/bernissartlac.be\/le-lac\/#breadcrumb\"},\"inLanguage\":\"en-US\",\"potentialAction\":[{\"@type\":\"ReadAction\",\"target\":[\"https:\/\/bernissartlac.be\/le-lac\/\"]}]},{\"@type\":\"ImageObject\",\"inLanguage\":\"en-US\",\"@id\":\"https:\/\/bernissartlac.be\/le-lac\/#primaryimage\",\"url\":\"https:\/\/bernissartlac.be\/wp-content\/uploads\/2023\/10\/lac3.jpg\",\"contentUrl\":\"https:\/\/bernissartlac.be\/wp-content\/uploads\/2023\/10\/lac3.jpg\"},{\"@type\":\"BreadcrumbList\",\"@id\":\"https:\/\/bernissartlac.be\/le-lac\/#breadcrumb\",\"itemListElement\":[{\"@type\":\"ListItem\",\"position\":1,\"name\":\"Accueil\",\"item\":\"https:\/\/bernissartlac.be\/\"},{\"@type\":\"ListItem\",\"position\":2,\"name\":\"Le lac\"}]},{\"@type\":\"WebSite\",\"@id\":\"https:\/\/bernissartlac.be\/#website\",\"url\":\"https:\/\/bernissartlac.be\/\",\"name\":\"Lac de Bernissart\",\"description\":\"Un lieu sp\u00e9cialement am\u00e9nag\u00e9 pour les amateurs de p\u00eache !\",\"publisher\":{\"@id\":\"https:\/\/bernissartlac.be\/#organization\"},\"potentialAction\":[{\"@type\":\"SearchAction\",\"target\":{\"@type\":\"EntryPoint\",\"urlTemplate\":\"https:\/\/bernissartlac.be\/?s={search_term_string}\"},\"query-input\":{\"@type\":\"PropertyValueSpecification\",\"valueRequired\":true,\"valueName\":\"search_term_string\"}}],\"inLanguage\":\"en-US\"},{\"@type\":\"Organization\",\"@id\":\"https:\/\/bernissartlac.be\/#organization\",\"name\":\"Lac de Bernissart\",\"url\":\"https:\/\/bernissartlac.be\/\",\"logo\":{\"@type\":\"ImageObject\",\"inLanguage\":\"en-US\",\"@id\":\"https:\/\/bernissartlac.be\/#\/schema\/logo\/image\/\",\"url\":\"https:\/\/bernissartlac.be\/wp-content\/uploads\/2023\/03\/Bernissart-Lac-Logo.png\",\"contentUrl\":\"https:\/\/bernissartlac.be\/wp-content\/uploads\/2023\/03\/Bernissart-Lac-Logo.png\",\"width\":308,\"height\":199,\"caption\":\"Lac de Bernissart\"},\"image\":{\"@id\":\"https:\/\/bernissartlac.be\/#\/schema\/logo\/image\/\"}}]}<\/script>\n<!-- \/ Yoast SEO plugin. -->","yoast_head_json":{"title":"Le lac | La destination id\u00e9ale pour votre session de p\u00eache","robots":{"index":"index","follow":"follow","max-snippet":"max-snippet:-1","max-image-preview":"max-image-preview:large","max-video-preview":"max-video-preview:-1"},"canonical":"https:\/\/bernissartlac.be\/en\/le-lac\/","og_locale":"en_US","og_type":"article","og_title":"Le lac | La destination id\u00e9ale pour votre session de p\u00eache","og_description":"01 Le lac Bernissart Lac, votre destination pour votre session de p\u00eache ! Bernissart Lac est bien plus qu&#8217;un simple \u00e9tendard d&#8217;eau. C&#8217;est un v\u00e9ritable sanctuaire pour les amateurs de p\u00eache, un lieu o\u00f9 la tranquillit\u00e9 de la nature se marie parfaitement avec l&#8217;excitation de la p\u00eache. 02 Le lac Un lieu sp\u00e9cialement am\u00e9nag\u00e9 pour [&hellip;]","og_url":"https:\/\/bernissartlac.be\/en\/le-lac\/","og_site_name":"Lac de Bernissart","article_modified_time":"2024-02-12T13:58:37+00:00","og_image":[{"url":"https:\/\/bernissartlac.be\/wp-content\/uploads\/2023\/10\/lac3.jpg","type":"","width":"","height":""}],"twitter_card":"summary_large_image","twitter_misc":{"Est. reading time":"2 minutes"},"schema":{"@context":"https:\/\/schema.org","@graph":[{"@type":"WebPage","@id":"https:\/\/bernissartlac.be\/le-lac\/","url":"https:\/\/bernissartlac.be\/le-lac\/","name":"Le lac | La destination id\u00e9ale pour votre session de p\u00eache","isPartOf":{"@id":"https:\/\/bernissartlac.be\/#website"},"primaryImageOfPage":{"@id":"https:\/\/bernissartlac.be\/le-lac\/#primaryimage"},"image":{"@id":"https:\/\/bernissartlac.be\/le-lac\/#primaryimage"},"thumbnailUrl":"https:\/\/bernissartlac.be\/wp-content\/uploads\/2023\/10\/lac3.jpg","datePublished":"2023-10-24T15:09:47+00:00","dateModified":"2024-02-12T13:58:37+00:00","breadcrumb":{"@id":"https:\/\/bernissartlac.be\/le-lac\/#breadcrumb"},"inLanguage":"en-US","potentialAction":[{"@type":"ReadAction","target":["https:\/\/bernissartlac.be\/le-lac\/"]}]},{"@type":"ImageObject","inLanguage":"en-US","@id":"https:\/\/bernissartlac.be\/le-lac\/#primaryimage","url":"https:\/\/bernissartlac.be\/wp-content\/uploads\/2023\/10\/lac3.jpg","contentUrl":"https:\/\/bernissartlac.be\/wp-content\/uploads\/2023\/10\/lac3.jpg"},{"@type":"BreadcrumbList","@id":"https:\/\/bernissartlac.be\/le-lac\/#breadcrumb","itemListElement":[{"@type":"ListItem","position":1,"name":"Accueil","item":"https:\/\/bernissartlac.be\/"},{"@type":"ListItem","position":2,"name":"Le lac"}]},{"@type":"WebSite","@id":"https:\/\/bernissartlac.be\/#website","url":"https:\/\/bernissartlac.be\/","name":"Lake Bernissart","description":"A place specially designed for fishing enthusiasts!","publisher":{"@id":"https:\/\/bernissartlac.be\/#organization"},"potentialAction":[{"@type":"SearchAction","target":{"@type":"EntryPoint","urlTemplate":"https:\/\/bernissartlac.be\/?s={search_term_string}"},"query-input":{"@type":"PropertyValueSpecification","valueRequired":true,"valueName":"search_term_string"}}],"inLanguage":"en-US"},{"@type":"Organization","@id":"https:\/\/bernissartlac.be\/#organization","name":"Lake Bernissart","url":"https:\/\/bernissartlac.be\/","logo":{"@type":"ImageObject","inLanguage":"en-US","@id":"https:\/\/bernissartlac.be\/#\/schema\/logo\/image\/","url":"https:\/\/bernissartlac.be\/wp-content\/uploads\/2023\/03\/Bernissart-Lac-Logo.png","contentUrl":"https:\/\/bernissartlac.be\/wp-content\/uploads\/2023\/03\/Bernissart-Lac-Logo.png","width":308,"height":199,"caption":"Lac de Bernissart"},"image":{"@id":"https:\/\/bernissartlac.be\/#\/schema\/logo\/image\/"}}]}},"_links":{"self":[{"href":"https:\/\/bernissartlac.be\/en\/wp-json\/wp\/v2\/pages\/4179","targetHints":{"allow":["GET"]}}],"collection":[{"href":"https:\/\/bernissartlac.be\/en\/wp-json\/wp\/v2\/pages"}],"about":[{"href":"https:\/\/bernissartlac.be\/en\/wp-json\/wp\/v2\/types\/page"}],"author":[{"embeddable":true,"href":"https:\/\/bernissartlac.be\/en\/wp-json\/wp\/v2\/users\/2"}],"replies":[{"embeddable":true,"href":"https:\/\/bernissartlac.be\/en\/wp-json\/wp\/v2\/comments?post=4179"}],"version-history":[{"count":44,"href":"https:\/\/bernissartlac.be\/en\/wp-json\/wp\/v2\/pages\/4179\/revisions"}],"predecessor-version":[{"id":4320,"href":"https:\/\/bernissartlac.be\/en\/wp-json\/wp\/v2\/pages\/4179\/revisions\/4320"}],"wp:attachment":[{"href":"https:\/\/bernissartlac.be\/en\/wp-json\/wp\/v2\/media?parent=4179"}],"curies":[{"name":"wp","href":"https:\/\/api.w.org\/{rel}","templated":true}]}}