{"id":3,"date":"2023-10-10T05:02:28","date_gmt":"2023-10-10T03:02:28","guid":{"rendered":"https:\/\/bernissartlac.be\/?page_id=3"},"modified":"2024-02-12T13:32:51","modified_gmt":"2024-02-12T12:32:51","slug":"politique-de-confidentialite","status":"publish","type":"page","link":"https:\/\/bernissartlac.be\/en\/politique-de-confidentialite\/","title":{"rendered":"Privacy Policy"},"content":{"rendered":"<h2 class=\"wp-block-heading\">Cookie management<\/h2>\n\n\n\n<p>By using our site, you explicitly declare that you have read the Bernissart Lac confidentiality policy, thus informing you of the processing of your personal data according to the terms and principles described here.<\/p>\n\n\n\n<p>Our site uses cookies to improve the functionality it offers. Cookies are data that is saved on your device and which allows the site to retain certain information about you for better navigation.<\/p>\n\n\n\n<p>We use various cookies for specific purposes: <\/p>\n\n\n\n<p>\u25d9 Necessary cookies: they are used to enable various features to be used correctly on the site. These cookies do not collect any personal data; <\/p>\n\n\n\n<p>\u25d9 Functional cookies: these are those which provide greater comfort when using certain features of the site. For example, they can save the user&#039;s address to automatically fill in the &quot;address&quot; field of a form and avoid the user having to complete it themselves. <\/p>\n\n\n\n<p>By clicking on the \u201cI accept\u201d button, you accept the use of cookies (article 6, 1, a of the GDPR). You can revoke this approval at any time by clicking on the \u201cPrivacy Policy\u201d button located at the bottom of the site. If you do not wish to authorize cookies, the use of certain functionalities may be impaired.<\/p>\n\n\n\n<h2 class=\"wp-block-heading\">Processing of personal data<\/h2>\n\n\n\n<p>Bernissart Lac operates as data controller with respect to personal data that is collected and processed in the context of your use of the site.<\/p>\n\n\n\n<p>All data concerning the user collected through cookies or site forms is stored in our database only if he has given his prior consent. This information will not be used under conditions other than those that the user has accepted. The user has the right to review all information concerning him: he can consult it, modify it or even delete it whenever he wishes and without having to provide a reason to Bernissart Lac. To do this, the user can contact the data controller by email at bernissartlac@gmail.com.<\/p>\n\n\n\n<p>Once the request has been inserted, Bernissart Lac will contact the user as soon as possible in order to follow up on their request.<\/p>\n\n\n\n<p>Your data may be used for: <\/p>\n\n\n\n<p>\u25d9 Allow Bernissart Lac to respond to your requests; <\/p>\n\n\n\n<p>\u25d9 Provide our services to the user; <\/p>\n\n\n\n<p>\u25d9 Improve the user experience; <\/p>\n\n\n\n<p>\u25d9 Analyze this data to improve the operation of the site;<\/p>\n\n\n\n<p>Your data will not be transmitted to any third party without your consent. Bernissart Lac does not disclose your personal data to third parties for direct marketing purposes, nor does it process your personal data for prospecting purposes, including profiling.<\/p>\n\n\n\n<h2 class=\"wp-block-heading\">Security<\/h2>\n\n\n\n<p>We make reasonable efforts to protect Users&#039; personal information, but no company, including our COMPANY, can completely eliminate security risks associated with processing information on the Internet. For example, our Users&#039; personal information may be affected by acts beyond our control, such as &quot;hacking&quot; and physical theft. The User acknowledges that he provides his personal information at his own risk.<\/p>","protected":false},"excerpt":{"rendered":"<p>Cookie management By using our site, you explicitly declare that you have read the Bernissart Lac confidentiality policy, thus informing you of the processing of your personal data according to the terms and principles described here. Our site uses cookies to improve the functionality it offers. Cookies are data that is saved on your [\u2026]<\/p>","protected":false},"author":1,"featured_media":0,"parent":0,"menu_order":0,"comment_status":"closed","ping_status":"open","template":"","meta":{"_acf_changed":false,"footnotes":""},"class_list":["post-3","page","type-page","status-publish","hentry"],"acf":[],"yoast_head":"<!-- This site is optimized with the Yoast SEO plugin v26.8 - https:\/\/yoast.com\/product\/yoast-seo-wordpress\/ -->\n<title>Politique de confidentialit\u00e9 - Lac de Bernissart<\/title>\n<meta name=\"robots\" content=\"index, follow, max-snippet:-1, max-image-preview:large, max-video-preview:-1\" \/>\n<link rel=\"canonical\" href=\"https:\/\/bernissartlac.be\/en\/politique-de-confidentialite\/\" \/>\n<meta property=\"og:locale\" content=\"en_US\" \/>\n<meta property=\"og:type\" content=\"article\" \/>\n<meta property=\"og:title\" content=\"Politique de confidentialit\u00e9 - Lac de Bernissart\" \/>\n<meta property=\"og:description\" content=\"Gestion des cookies En utilisant notre site, vous d\u00e9clarez explicitement avoir lu la politique de confidentialit\u00e9 de\u00a0Bernissart Lac, vous informant ainsi du traitement de vos donn\u00e9es personnelles selon les modalit\u00e9s et principes d\u00e9crits ici. Notre site utilise des cookies afin d\u2019am\u00e9liorer les fonctionnalit\u00e9s qu\u2019il propose. Les cookies sont des donn\u00e9es qui sont sauvegard\u00e9es sur votre [&hellip;]\" \/>\n<meta property=\"og:url\" content=\"https:\/\/bernissartlac.be\/en\/politique-de-confidentialite\/\" \/>\n<meta property=\"og:site_name\" content=\"Lac de Bernissart\" \/>\n<meta property=\"article:modified_time\" content=\"2024-02-12T12:32:51+00:00\" \/>\n<meta name=\"twitter:card\" content=\"summary_large_image\" \/>\n<meta name=\"twitter:label1\" content=\"Est. reading time\" \/>\n\t<meta name=\"twitter:data1\" content=\"3 minutes\" \/>\n<script type=\"application\/ld+json\" class=\"yoast-schema-graph\">{\"@context\":\"https:\/\/schema.org\",\"@graph\":[{\"@type\":\"WebPage\",\"@id\":\"https:\/\/bernissartlac.be\/politique-de-confidentialite\/\",\"url\":\"https:\/\/bernissartlac.be\/politique-de-confidentialite\/\",\"name\":\"Politique de confidentialit\u00e9 - Lac de Bernissart\",\"isPartOf\":{\"@id\":\"https:\/\/bernissartlac.be\/#website\"},\"datePublished\":\"2023-10-10T03:02:28+00:00\",\"dateModified\":\"2024-02-12T12:32:51+00:00\",\"breadcrumb\":{\"@id\":\"https:\/\/bernissartlac.be\/politique-de-confidentialite\/#breadcrumb\"},\"inLanguage\":\"en-US\",\"potentialAction\":[{\"@type\":\"ReadAction\",\"target\":[\"https:\/\/bernissartlac.be\/politique-de-confidentialite\/\"]}]},{\"@type\":\"BreadcrumbList\",\"@id\":\"https:\/\/bernissartlac.be\/politique-de-confidentialite\/#breadcrumb\",\"itemListElement\":[{\"@type\":\"ListItem\",\"position\":1,\"name\":\"Accueil\",\"item\":\"https:\/\/bernissartlac.be\/\"},{\"@type\":\"ListItem\",\"position\":2,\"name\":\"Politique de confidentialit\u00e9\"}]},{\"@type\":\"WebSite\",\"@id\":\"https:\/\/bernissartlac.be\/#website\",\"url\":\"https:\/\/bernissartlac.be\/\",\"name\":\"Lac de Bernissart\",\"description\":\"Un lieu sp\u00e9cialement am\u00e9nag\u00e9 pour les amateurs de p\u00eache !\",\"publisher\":{\"@id\":\"https:\/\/bernissartlac.be\/#organization\"},\"potentialAction\":[{\"@type\":\"SearchAction\",\"target\":{\"@type\":\"EntryPoint\",\"urlTemplate\":\"https:\/\/bernissartlac.be\/?s={search_term_string}\"},\"query-input\":{\"@type\":\"PropertyValueSpecification\",\"valueRequired\":true,\"valueName\":\"search_term_string\"}}],\"inLanguage\":\"en-US\"},{\"@type\":\"Organization\",\"@id\":\"https:\/\/bernissartlac.be\/#organization\",\"name\":\"Lac de Bernissart\",\"url\":\"https:\/\/bernissartlac.be\/\",\"logo\":{\"@type\":\"ImageObject\",\"inLanguage\":\"en-US\",\"@id\":\"https:\/\/bernissartlac.be\/#\/schema\/logo\/image\/\",\"url\":\"https:\/\/bernissartlac.be\/wp-content\/uploads\/2023\/03\/Bernissart-Lac-Logo.png\",\"contentUrl\":\"https:\/\/bernissartlac.be\/wp-content\/uploads\/2023\/03\/Bernissart-Lac-Logo.png\",\"width\":308,\"height\":199,\"caption\":\"Lac de Bernissart\"},\"image\":{\"@id\":\"https:\/\/bernissartlac.be\/#\/schema\/logo\/image\/\"}}]}<\/script>\n<!-- \/ Yoast SEO plugin. -->","yoast_head_json":{"title":"Politique de confidentialit\u00e9 - Lac de Bernissart","robots":{"index":"index","follow":"follow","max-snippet":"max-snippet:-1","max-image-preview":"max-image-preview:large","max-video-preview":"max-video-preview:-1"},"canonical":"https:\/\/bernissartlac.be\/en\/politique-de-confidentialite\/","og_locale":"en_US","og_type":"article","og_title":"Politique de confidentialit\u00e9 - Lac de Bernissart","og_description":"Gestion des cookies En utilisant notre site, vous d\u00e9clarez explicitement avoir lu la politique de confidentialit\u00e9 de\u00a0Bernissart Lac, vous informant ainsi du traitement de vos donn\u00e9es personnelles selon les modalit\u00e9s et principes d\u00e9crits ici. Notre site utilise des cookies afin d\u2019am\u00e9liorer les fonctionnalit\u00e9s qu\u2019il propose. Les cookies sont des donn\u00e9es qui sont sauvegard\u00e9es sur votre [&hellip;]","og_url":"https:\/\/bernissartlac.be\/en\/politique-de-confidentialite\/","og_site_name":"Lac de Bernissart","article_modified_time":"2024-02-12T12:32:51+00:00","twitter_card":"summary_large_image","twitter_misc":{"Est. reading time":"3 minutes"},"schema":{"@context":"https:\/\/schema.org","@graph":[{"@type":"WebPage","@id":"https:\/\/bernissartlac.be\/politique-de-confidentialite\/","url":"https:\/\/bernissartlac.be\/politique-de-confidentialite\/","name":"Politique de confidentialit\u00e9 - Lac de Bernissart","isPartOf":{"@id":"https:\/\/bernissartlac.be\/#website"},"datePublished":"2023-10-10T03:02:28+00:00","dateModified":"2024-02-12T12:32:51+00:00","breadcrumb":{"@id":"https:\/\/bernissartlac.be\/politique-de-confidentialite\/#breadcrumb"},"inLanguage":"en-US","potentialAction":[{"@type":"ReadAction","target":["https:\/\/bernissartlac.be\/politique-de-confidentialite\/"]}]},{"@type":"BreadcrumbList","@id":"https:\/\/bernissartlac.be\/politique-de-confidentialite\/#breadcrumb","itemListElement":[{"@type":"ListItem","position":1,"name":"Accueil","item":"https:\/\/bernissartlac.be\/"},{"@type":"ListItem","position":2,"name":"Politique de confidentialit\u00e9"}]},{"@type":"WebSite","@id":"https:\/\/bernissartlac.be\/#website","url":"https:\/\/bernissartlac.be\/","name":"Lake Bernissart","description":"A place specially designed for fishing enthusiasts!","publisher":{"@id":"https:\/\/bernissartlac.be\/#organization"},"potentialAction":[{"@type":"SearchAction","target":{"@type":"EntryPoint","urlTemplate":"https:\/\/bernissartlac.be\/?s={search_term_string}"},"query-input":{"@type":"PropertyValueSpecification","valueRequired":true,"valueName":"search_term_string"}}],"inLanguage":"en-US"},{"@type":"Organization","@id":"https:\/\/bernissartlac.be\/#organization","name":"Lake Bernissart","url":"https:\/\/bernissartlac.be\/","logo":{"@type":"ImageObject","inLanguage":"en-US","@id":"https:\/\/bernissartlac.be\/#\/schema\/logo\/image\/","url":"https:\/\/bernissartlac.be\/wp-content\/uploads\/2023\/03\/Bernissart-Lac-Logo.png","contentUrl":"https:\/\/bernissartlac.be\/wp-content\/uploads\/2023\/03\/Bernissart-Lac-Logo.png","width":308,"height":199,"caption":"Lac de Bernissart"},"image":{"@id":"https:\/\/bernissartlac.be\/#\/schema\/logo\/image\/"}}]}},"_links":{"self":[{"href":"https:\/\/bernissartlac.be\/en\/wp-json\/wp\/v2\/pages\/3","targetHints":{"allow":["GET"]}}],"collection":[{"href":"https:\/\/bernissartlac.be\/en\/wp-json\/wp\/v2\/pages"}],"about":[{"href":"https:\/\/bernissartlac.be\/en\/wp-json\/wp\/v2\/types\/page"}],"author":[{"embeddable":true,"href":"https:\/\/bernissartlac.be\/en\/wp-json\/wp\/v2\/users\/1"}],"replies":[{"embeddable":true,"href":"https:\/\/bernissartlac.be\/en\/wp-json\/wp\/v2\/comments?post=3"}],"version-history":[{"count":2,"href":"https:\/\/bernissartlac.be\/en\/wp-json\/wp\/v2\/pages\/3\/revisions"}],"predecessor-version":[{"id":4642,"href":"https:\/\/bernissartlac.be\/en\/wp-json\/wp\/v2\/pages\/3\/revisions\/4642"}],"wp:attachment":[{"href":"https:\/\/bernissartlac.be\/en\/wp-json\/wp\/v2\/media?parent=3"}],"curies":[{"name":"wp","href":"https:\/\/api.w.org\/{rel}","templated":true}]}}